{"id":53090,"date":"2025-08-11T12:30:56","date_gmt":"2025-08-11T10:30:56","guid":{"rendered":"https:\/\/engel-kunst.com\/auktion-objekt\/kressel-dieter\/"},"modified":"2025-11-03T18:45:07","modified_gmt":"2025-11-03T17:45:07","slug":"kressel-dieter","status":"publish","type":"product","link":"https:\/\/engel-kunst.com\/en\/auktion-objekt\/kressel-dieter\/","title":{"rendered":"Kressel, Dieter"},"content":{"rendered":"<p>Kressel, Dieter<br \/>\n1925 D\u00fcsseldorf &#8211; 2015 Hamburg; deut. Maler, Zeichner und Grafiker. Studium an der Landeskunstschule in Hamburg bei Erich Hartmann und Willi Titze. S\u00fcdliche Landschaft mit H\u00e4usern und steinerner Br\u00fccke. Radierung, re. u. handsign. Kressel. 17,4 x 23,2 cm, auf B\u00fctten.<\/p>\n","protected":false},"excerpt":{"rendered":"<p>Kressel, Dieter<br \/>\n1925 D\u00fcsseldorf &#8211; 2015 Hamburg; deut. Maler, Zeichner und Grafiker. Studium an der Landeskunstschule in Hamburg bei Erich Hartmann und Willi Titze. S\u00fcdliche Landschaft mit H\u00e4usern und steinerner Br\u00fccke. Radierung, re. u. handsign. Kressel. 17,4 x 23,2 cm, auf B\u00fctten.<br \/>\n\u20ac 20<\/p>\n","protected":false},"featured_media":53091,"template":"","meta":{"_acf_changed":false,"_seopress_robots_primary_cat":"","_seopress_titles_title":"","_seopress_titles_desc":"","_seopress_robots_index":""},"product_brand":[],"product_cat":[43],"product_tag":[51],"class_list":{"0":"post-53090","1":"product","2":"type-product","3":"status-publish","4":"has-post-thumbnail","6":"auktion-versteigerung-150","7":"auktion-archiv","8":"product_cat-druckgrafik-20-bis-21-jahrhundert","9":"product_tag-schriftlich","10":"sales-flash-overlay","11":"woocommerce-text-align-left","12":"woocommerce-image-align-center","14":"first","15":"outofstock","16":"sold-individually","17":"purchasable","18":"product-type-simple"},"acf":[],"_links":{"self":[{"href":"https:\/\/engel-kunst.com\/en\/wp-json\/wp\/v2\/product\/53090","targetHints":{"allow":["GET"]}}],"collection":[{"href":"https:\/\/engel-kunst.com\/en\/wp-json\/wp\/v2\/product"}],"about":[{"href":"https:\/\/engel-kunst.com\/en\/wp-json\/wp\/v2\/types\/product"}],"wp:featuredmedia":[{"embeddable":true,"href":"https:\/\/engel-kunst.com\/en\/wp-json\/wp\/v2\/media\/53091"}],"wp:attachment":[{"href":"https:\/\/engel-kunst.com\/en\/wp-json\/wp\/v2\/media?parent=53090"}],"wp:term":[{"taxonomy":"product_brand","embeddable":true,"href":"https:\/\/engel-kunst.com\/en\/wp-json\/wp\/v2\/product_brand?post=53090"},{"taxonomy":"product_cat","embeddable":true,"href":"https:\/\/engel-kunst.com\/en\/wp-json\/wp\/v2\/product_cat?post=53090"},{"taxonomy":"product_tag","embeddable":true,"href":"https:\/\/engel-kunst.com\/en\/wp-json\/wp\/v2\/product_tag?post=53090"}],"curies":[{"name":"wp","href":"https:\/\/api.w.org\/{rel}","templated":true}]}}