{"id":53094,"date":"2025-08-11T12:31:01","date_gmt":"2025-08-11T10:31:01","guid":{"rendered":"https:\/\/engel-kunst.com\/auktion-objekt\/kunst-adolf-3\/"},"modified":"2025-11-03T18:45:08","modified_gmt":"2025-11-03T17:45:08","slug":"kunst-adolf-3","status":"publish","type":"product","link":"https:\/\/engel-kunst.com\/en\/auktion-objekt\/kunst-adolf-3\/","title":{"rendered":"Kunst, Adolf"},"content":{"rendered":"<p>Kunst, Adolf<br \/>\n1882 Regensburg 1937; deut. Maler und Grafiker. Uferlandschaft mit alten Weiden. Radierung, re. u. handsign. A. Kunst. 10,5 x 9,4 cm. Bl. m\u00e4\u00dfig gebr\u00e4unt. Passepartout, vergl. R..<\/p>\n","protected":false},"excerpt":{"rendered":"<p>Kunst, Adolf<br \/>\n1882 Regensburg 1937; deut. Maler und Grafiker. Uferlandschaft mit alten Weiden. Radierung, re. u. handsign. A. Kunst. 10,5 x 9,4 cm. Bl. m\u00e4\u00dfig gebr\u00e4unt. Passepartout, vergl. R..<br \/>\n\u20ac 10<\/p>\n","protected":false},"featured_media":53095,"template":"","meta":{"_acf_changed":false,"_seopress_robots_primary_cat":"","_seopress_titles_title":"","_seopress_titles_desc":"","_seopress_robots_index":""},"product_brand":[],"product_cat":[43],"product_tag":[51],"class_list":{"0":"post-53094","1":"product","2":"type-product","3":"status-publish","4":"has-post-thumbnail","6":"auktion-versteigerung-150","7":"auktion-archiv","8":"product_cat-druckgrafik-20-bis-21-jahrhundert","9":"product_tag-schriftlich","10":"sales-flash-overlay","11":"woocommerce-text-align-left","12":"woocommerce-image-align-center","14":"first","15":"outofstock","16":"sold-individually","17":"purchasable","18":"product-type-simple"},"acf":[],"_links":{"self":[{"href":"https:\/\/engel-kunst.com\/en\/wp-json\/wp\/v2\/product\/53094","targetHints":{"allow":["GET"]}}],"collection":[{"href":"https:\/\/engel-kunst.com\/en\/wp-json\/wp\/v2\/product"}],"about":[{"href":"https:\/\/engel-kunst.com\/en\/wp-json\/wp\/v2\/types\/product"}],"wp:featuredmedia":[{"embeddable":true,"href":"https:\/\/engel-kunst.com\/en\/wp-json\/wp\/v2\/media\/53095"}],"wp:attachment":[{"href":"https:\/\/engel-kunst.com\/en\/wp-json\/wp\/v2\/media?parent=53094"}],"wp:term":[{"taxonomy":"product_brand","embeddable":true,"href":"https:\/\/engel-kunst.com\/en\/wp-json\/wp\/v2\/product_brand?post=53094"},{"taxonomy":"product_cat","embeddable":true,"href":"https:\/\/engel-kunst.com\/en\/wp-json\/wp\/v2\/product_cat?post=53094"},{"taxonomy":"product_tag","embeddable":true,"href":"https:\/\/engel-kunst.com\/en\/wp-json\/wp\/v2\/product_tag?post=53094"}],"curies":[{"name":"wp","href":"https:\/\/api.w.org\/{rel}","templated":true}]}}