{"id":53104,"date":"2025-08-11T12:31:07","date_gmt":"2025-08-11T10:31:07","guid":{"rendered":"https:\/\/engel-kunst.com\/auktion-objekt\/liebermann-max-5\/"},"modified":"2025-11-03T18:45:10","modified_gmt":"2025-11-03T17:45:10","slug":"liebermann-max-5","status":"publish","type":"product","link":"https:\/\/engel-kunst.com\/en\/auktion-objekt\/liebermann-max-5\/","title":{"rendered":"Liebermann, Max"},"content":{"rendered":"<p>Liebermann, Max<br \/>\n1847 Berlin &#8211; 1935 das.; deut. Maler und Grafiker, Prof.. Pr\u00e4sident und Ehrenpr\u00e4sident der Preu\u00dfischen Akad. der K\u00fcnste. Marsch, Marsch, Hurrah!!. 1914. Orig.Lithografie, Plattensign.. 32,5 x 29,2 cm. Bl. gebr\u00e4unt, am oberen Bl.Rand auf der Vorderseite alte Montierung eines Papierstreifens in Blattbreite (32 cm) und 3,9 cm breit. Mit dem linken Bl.Rand auf Passepartout montiert.<\/p>\n","protected":false},"excerpt":{"rendered":"<p>Liebermann, Max<br \/>\n1847 Berlin &#8211; 1935 das.; deut. Maler und Grafiker, Prof.. Pr\u00e4sident und Ehrenpr\u00e4sident der Preu\u00dfischen Akad. der K\u00fcnste. Marsch, Marsch, Hurrah!!. 1914. Orig.Lithografie, Plattensign.. 32,5 x 29,2 cm. Bl. gebr\u00e4unt, am oberen Bl.Rand auf der Vorderseite alte Montierung eines Papierstreifens in Blattbreite (32 cm) und 3,9 cm breit. Mit dem linken Bl.Rand auf Passepartout montiert.<br \/>\n\u20ac 15<\/p>\n","protected":false},"featured_media":53105,"template":"","meta":{"_acf_changed":false,"_seopress_robots_primary_cat":"","_seopress_titles_title":"","_seopress_titles_desc":"","_seopress_robots_index":""},"product_brand":[],"product_cat":[43],"product_tag":[51],"class_list":{"0":"post-53104","1":"product","2":"type-product","3":"status-publish","4":"has-post-thumbnail","6":"auktion-versteigerung-150","7":"auktion-archiv","8":"product_cat-druckgrafik-20-bis-21-jahrhundert","9":"product_tag-schriftlich","10":"sales-flash-overlay","11":"woocommerce-text-align-left","12":"woocommerce-image-align-center","14":"first","15":"outofstock","16":"sold-individually","17":"purchasable","18":"product-type-simple"},"acf":[],"_links":{"self":[{"href":"https:\/\/engel-kunst.com\/en\/wp-json\/wp\/v2\/product\/53104","targetHints":{"allow":["GET"]}}],"collection":[{"href":"https:\/\/engel-kunst.com\/en\/wp-json\/wp\/v2\/product"}],"about":[{"href":"https:\/\/engel-kunst.com\/en\/wp-json\/wp\/v2\/types\/product"}],"wp:featuredmedia":[{"embeddable":true,"href":"https:\/\/engel-kunst.com\/en\/wp-json\/wp\/v2\/media\/53105"}],"wp:attachment":[{"href":"https:\/\/engel-kunst.com\/en\/wp-json\/wp\/v2\/media?parent=53104"}],"wp:term":[{"taxonomy":"product_brand","embeddable":true,"href":"https:\/\/engel-kunst.com\/en\/wp-json\/wp\/v2\/product_brand?post=53104"},{"taxonomy":"product_cat","embeddable":true,"href":"https:\/\/engel-kunst.com\/en\/wp-json\/wp\/v2\/product_cat?post=53104"},{"taxonomy":"product_tag","embeddable":true,"href":"https:\/\/engel-kunst.com\/en\/wp-json\/wp\/v2\/product_tag?post=53104"}],"curies":[{"name":"wp","href":"https:\/\/api.w.org\/{rel}","templated":true}]}}