{"id":53110,"date":"2025-08-11T12:31:07","date_gmt":"2025-08-11T10:31:07","guid":{"rendered":"https:\/\/engel-kunst.com\/auktion-objekt\/miro-joan\/"},"modified":"2025-11-03T18:45:11","modified_gmt":"2025-11-03T17:45:11","slug":"miro-joan","status":"publish","type":"product","link":"https:\/\/engel-kunst.com\/en\/auktion-objekt\/miro-joan\/","title":{"rendered":"Mir\u00f3, Joan"},"content":{"rendered":"<p>Mir\u00f3, Joan<br \/>\n1893 Montroig\/Tarragona &#8211; 1983 Calamajor\/Mallorca; katal. Maler, Bildhauer, Grafiker, Illustrator und Entwurfszeichner f\u00fcr Textilien. Studium an der Kunstschule in Barcelona. Seit 1919 in Paris. Zusammentreffen mit Picasso. Beeinflussung durch den Kubismus und den magischen Realismus. Neben Dal\u00ed der f\u00fchrende Vertreter des Surrealismus in Spanien. Maravillas con variaciones acr\u00f3sticas. 1975. Farblithografie, Plattensignatur, Aufl. 242\/300. 49,8 x 72 cm. Druckausgabe 1975 von Poligrafa SA Barcelona. WV Cramer 1055. Schwache Mittenfalz, li. u. diagonaler schwacher Knick. Vergl. R.. Hinweis: nur Selbstabholung oder Versand durch Spedition.<\/p>\n","protected":false},"excerpt":{"rendered":"<p>Mir\u00f3, Joan<br \/>\n1893 Montroig\/Tarragona &#8211; 1983 Calamajor\/Mallorca; katal. Maler, Bildhauer, Grafiker, Illustrator und Entwurfszeichner f\u00fcr Textilien. Studium an der Kunstschule in Barcelona. Seit 1919 in Paris. Zusammentreffen mit Picasso. Beeinflussung durch den Kubismus und den magischen Realismus. Neben Dal\u00ed der f\u00fchrende Vertreter des Surrealismus in Spanien. Maravillas con variaciones acr\u00f3sticas. 1975. Farblithografie, Plattensignatur, Aufl. 242\/300. 49,8 x 72 cm. Druckausgabe 1975 von Poligrafa SA Barcelona. WV Cramer 1055. Schwache Mittenfalz, li. u. diagonaler schwacher Knick. Vergl. R.. Hinweis: nur Selbstabholung oder Versand durch Spedition.<br \/>\n\u20ac 200<\/p>\n","protected":false},"featured_media":53111,"template":"","meta":{"_acf_changed":false,"_seopress_robots_primary_cat":"","_seopress_titles_title":"","_seopress_titles_desc":"","_seopress_robots_index":""},"product_brand":[],"product_cat":[43],"product_tag":[51],"class_list":{"0":"post-53110","1":"product","2":"type-product","3":"status-publish","4":"has-post-thumbnail","6":"auktion-versteigerung-150","7":"auktion-archiv","8":"product_cat-druckgrafik-20-bis-21-jahrhundert","9":"product_tag-schriftlich","10":"sales-flash-overlay","11":"woocommerce-text-align-left","12":"woocommerce-image-align-center","14":"first","15":"outofstock","16":"sold-individually","17":"purchasable","18":"product-type-simple"},"acf":[],"_links":{"self":[{"href":"https:\/\/engel-kunst.com\/en\/wp-json\/wp\/v2\/product\/53110","targetHints":{"allow":["GET"]}}],"collection":[{"href":"https:\/\/engel-kunst.com\/en\/wp-json\/wp\/v2\/product"}],"about":[{"href":"https:\/\/engel-kunst.com\/en\/wp-json\/wp\/v2\/types\/product"}],"wp:featuredmedia":[{"embeddable":true,"href":"https:\/\/engel-kunst.com\/en\/wp-json\/wp\/v2\/media\/53111"}],"wp:attachment":[{"href":"https:\/\/engel-kunst.com\/en\/wp-json\/wp\/v2\/media?parent=53110"}],"wp:term":[{"taxonomy":"product_brand","embeddable":true,"href":"https:\/\/engel-kunst.com\/en\/wp-json\/wp\/v2\/product_brand?post=53110"},{"taxonomy":"product_cat","embeddable":true,"href":"https:\/\/engel-kunst.com\/en\/wp-json\/wp\/v2\/product_cat?post=53110"},{"taxonomy":"product_tag","embeddable":true,"href":"https:\/\/engel-kunst.com\/en\/wp-json\/wp\/v2\/product_tag?post=53110"}],"curies":[{"name":"wp","href":"https:\/\/api.w.org\/{rel}","templated":true}]}}