{"id":53120,"date":"2025-08-11T12:31:13","date_gmt":"2025-08-11T10:31:13","guid":{"rendered":"https:\/\/engel-kunst.com\/auktion-objekt\/mueller-feyen-bernhard-2\/"},"modified":"2025-11-03T18:45:14","modified_gmt":"2025-11-03T17:45:14","slug":"mueller-feyen-bernhard-2","status":"publish","type":"product","link":"https:\/\/engel-kunst.com\/en\/auktion-objekt\/mueller-feyen-bernhard-2\/","title":{"rendered":"M\u00fcller-Feyen, Bernhard"},"content":{"rendered":"<p>M\u00fcller-Feyen, Bernhard<br \/>\n1931 Adenau 2004; deut. Maler, Grafiker und Bildhauer. Sch\u00fcler der K\u00f6lner Werkschulen, Meistersch\u00fcler unter Otto Gerster. Ohne Titel. Farbserigrafie, re. u. handsign. B M\u00fcller Feyen, dat. (19)72, Aufl. 33\/100. 30,6 x 29 cm.<\/p>\n","protected":false},"excerpt":{"rendered":"<p>M\u00fcller-Feyen, Bernhard<br \/>\n1931 Adenau 2004; deut. Maler, Grafiker und Bildhauer. Sch\u00fcler der K\u00f6lner Werkschulen, Meistersch\u00fcler unter Otto Gerster. Ohne Titel. Farbserigrafie, re. u. handsign. B M\u00fcller Feyen, dat. (19)72, Aufl. 33\/100. 30,6 x 29 cm.<br \/>\n\u20ac 30<\/p>\n","protected":false},"featured_media":53121,"template":"","meta":{"_acf_changed":false,"_seopress_robots_primary_cat":"","_seopress_titles_title":"","_seopress_titles_desc":"","_seopress_robots_index":""},"product_brand":[],"product_cat":[43],"product_tag":[51],"class_list":{"0":"post-53120","1":"product","2":"type-product","3":"status-publish","4":"has-post-thumbnail","6":"auktion-versteigerung-150","7":"auktion-archiv","8":"product_cat-druckgrafik-20-bis-21-jahrhundert","9":"product_tag-schriftlich","10":"sales-flash-overlay","11":"woocommerce-text-align-left","12":"woocommerce-image-align-center","14":"first","15":"outofstock","16":"sold-individually","17":"purchasable","18":"product-type-simple"},"acf":[],"_links":{"self":[{"href":"https:\/\/engel-kunst.com\/en\/wp-json\/wp\/v2\/product\/53120","targetHints":{"allow":["GET"]}}],"collection":[{"href":"https:\/\/engel-kunst.com\/en\/wp-json\/wp\/v2\/product"}],"about":[{"href":"https:\/\/engel-kunst.com\/en\/wp-json\/wp\/v2\/types\/product"}],"wp:featuredmedia":[{"embeddable":true,"href":"https:\/\/engel-kunst.com\/en\/wp-json\/wp\/v2\/media\/53121"}],"wp:attachment":[{"href":"https:\/\/engel-kunst.com\/en\/wp-json\/wp\/v2\/media?parent=53120"}],"wp:term":[{"taxonomy":"product_brand","embeddable":true,"href":"https:\/\/engel-kunst.com\/en\/wp-json\/wp\/v2\/product_brand?post=53120"},{"taxonomy":"product_cat","embeddable":true,"href":"https:\/\/engel-kunst.com\/en\/wp-json\/wp\/v2\/product_cat?post=53120"},{"taxonomy":"product_tag","embeddable":true,"href":"https:\/\/engel-kunst.com\/en\/wp-json\/wp\/v2\/product_tag?post=53120"}],"curies":[{"name":"wp","href":"https:\/\/api.w.org\/{rel}","templated":true}]}}