{"id":53122,"date":"2025-08-11T12:31:13","date_gmt":"2025-08-11T10:31:13","guid":{"rendered":"https:\/\/engel-kunst.com\/auktion-objekt\/mueller-linow-bruno\/"},"modified":"2025-11-03T18:45:14","modified_gmt":"2025-11-03T17:45:14","slug":"mueller-linow-bruno","status":"publish","type":"product","link":"https:\/\/engel-kunst.com\/en\/auktion-objekt\/mueller-linow-bruno\/","title":{"rendered":"M\u00fcller-Linow, Bruno"},"content":{"rendered":"<p>M\u00fcller-Linow, Bruno<br \/>\n1909 Pasewalk\/Pommern &#8211; 1997 Hochscheid\/Hunsr\u00fcck, war ans\u00e4ssig in Darmstadt; deut. Landschafts-, Marine- und Stilllebenmaler. Sch\u00fcler von J\u00e4ckel und Hasler an der Kunstschule in Berlin. 1942 Stipendiat der Preu\u00df. Akad. der K\u00fcnste in Rom. Seit 1956 Prof. an der Techn. Hochschule in Darmstadt. K\u00fcstenlandschaft. Radierung, re. u. handsign. Bruno M\u00fcller-Linow, dat. (19)73, Aufl. 72\/100. 29,8 x 40 cm, auf festem B\u00fctten.<\/p>\n","protected":false},"excerpt":{"rendered":"<p>M\u00fcller-Linow, Bruno<br \/>\n1909 Pasewalk\/Pommern &#8211; 1997 Hochscheid\/Hunsr\u00fcck, war ans\u00e4ssig in Darmstadt; deut. Landschafts-, Marine- und Stilllebenmaler. Sch\u00fcler von J\u00e4ckel und Hasler an der Kunstschule in Berlin. 1942 Stipendiat der Preu\u00df. Akad. der K\u00fcnste in Rom. Seit 1956 Prof. an der Techn. Hochschule in Darmstadt. K\u00fcstenlandschaft. Radierung, re. u. handsign. Bruno M\u00fcller-Linow, dat. (19)73, Aufl. 72\/100. 29,8 x 40 cm, auf festem B\u00fctten.<br \/>\n\u20ac 20<\/p>\n","protected":false},"featured_media":53123,"template":"","meta":{"_acf_changed":false,"_seopress_robots_primary_cat":"","_seopress_titles_title":"","_seopress_titles_desc":"","_seopress_robots_index":""},"product_brand":[],"product_cat":[43],"product_tag":[51],"class_list":{"0":"post-53122","1":"product","2":"type-product","3":"status-publish","4":"has-post-thumbnail","6":"auktion-versteigerung-150","7":"auktion-archiv","8":"product_cat-druckgrafik-20-bis-21-jahrhundert","9":"product_tag-schriftlich","10":"sales-flash-overlay","11":"woocommerce-text-align-left","12":"woocommerce-image-align-center","14":"first","15":"outofstock","16":"sold-individually","17":"purchasable","18":"product-type-simple"},"acf":[],"_links":{"self":[{"href":"https:\/\/engel-kunst.com\/en\/wp-json\/wp\/v2\/product\/53122","targetHints":{"allow":["GET"]}}],"collection":[{"href":"https:\/\/engel-kunst.com\/en\/wp-json\/wp\/v2\/product"}],"about":[{"href":"https:\/\/engel-kunst.com\/en\/wp-json\/wp\/v2\/types\/product"}],"wp:featuredmedia":[{"embeddable":true,"href":"https:\/\/engel-kunst.com\/en\/wp-json\/wp\/v2\/media\/53123"}],"wp:attachment":[{"href":"https:\/\/engel-kunst.com\/en\/wp-json\/wp\/v2\/media?parent=53122"}],"wp:term":[{"taxonomy":"product_brand","embeddable":true,"href":"https:\/\/engel-kunst.com\/en\/wp-json\/wp\/v2\/product_brand?post=53122"},{"taxonomy":"product_cat","embeddable":true,"href":"https:\/\/engel-kunst.com\/en\/wp-json\/wp\/v2\/product_cat?post=53122"},{"taxonomy":"product_tag","embeddable":true,"href":"https:\/\/engel-kunst.com\/en\/wp-json\/wp\/v2\/product_tag?post=53122"}],"curies":[{"name":"wp","href":"https:\/\/api.w.org\/{rel}","templated":true}]}}