{"id":53142,"date":"2025-08-11T12:31:23","date_gmt":"2025-08-11T10:31:23","guid":{"rendered":"https:\/\/engel-kunst.com\/auktion-objekt\/schaper-friedrich\/"},"modified":"2025-11-03T18:45:17","modified_gmt":"2025-11-03T17:45:17","slug":"schaper-friedrich","status":"publish","type":"product","link":"https:\/\/engel-kunst.com\/en\/auktion-objekt\/schaper-friedrich\/","title":{"rendered":"Schaper, Friedrich"},"content":{"rendered":"<p>Schaper, Friedrich<br \/>\n1869 Braunschweig &#8211; 1956 Hamburg; deut. Maler und Grafiker. Studium an der Kunstgewerbeschule in Hamburg und der Berliner Akad.. M\u00fchle in D\u00f6se. Radierung, 23,8 x 29,5 cm. Verso Nachlassstempel des K\u00fcnstlers. <\/p>\n","protected":false},"excerpt":{"rendered":"<p>Schaper, Friedrich<br \/>\n1869 Braunschweig &#8211; 1956 Hamburg; deut. Maler und Grafiker. Studium an der Kunstgewerbeschule in Hamburg und der Berliner Akad.. M\u00fchle in D\u00f6se. Radierung, 23,8 x 29,5 cm. Verso Nachlassstempel des K\u00fcnstlers.<br \/>\n\u20ac 10<\/p>\n","protected":false},"featured_media":53143,"template":"","meta":{"_acf_changed":false,"_seopress_robots_primary_cat":"","_seopress_titles_title":"","_seopress_titles_desc":"","_seopress_robots_index":""},"product_brand":[],"product_cat":[43],"product_tag":[51],"class_list":{"0":"post-53142","1":"product","2":"type-product","3":"status-publish","4":"has-post-thumbnail","6":"auktion-versteigerung-150","7":"auktion-archiv","8":"product_cat-druckgrafik-20-bis-21-jahrhundert","9":"product_tag-schriftlich","10":"sales-flash-overlay","11":"woocommerce-text-align-left","12":"woocommerce-image-align-center","14":"first","15":"outofstock","16":"sold-individually","17":"purchasable","18":"product-type-simple"},"acf":[],"_links":{"self":[{"href":"https:\/\/engel-kunst.com\/en\/wp-json\/wp\/v2\/product\/53142","targetHints":{"allow":["GET"]}}],"collection":[{"href":"https:\/\/engel-kunst.com\/en\/wp-json\/wp\/v2\/product"}],"about":[{"href":"https:\/\/engel-kunst.com\/en\/wp-json\/wp\/v2\/types\/product"}],"wp:featuredmedia":[{"embeddable":true,"href":"https:\/\/engel-kunst.com\/en\/wp-json\/wp\/v2\/media\/53143"}],"wp:attachment":[{"href":"https:\/\/engel-kunst.com\/en\/wp-json\/wp\/v2\/media?parent=53142"}],"wp:term":[{"taxonomy":"product_brand","embeddable":true,"href":"https:\/\/engel-kunst.com\/en\/wp-json\/wp\/v2\/product_brand?post=53142"},{"taxonomy":"product_cat","embeddable":true,"href":"https:\/\/engel-kunst.com\/en\/wp-json\/wp\/v2\/product_cat?post=53142"},{"taxonomy":"product_tag","embeddable":true,"href":"https:\/\/engel-kunst.com\/en\/wp-json\/wp\/v2\/product_tag?post=53142"}],"curies":[{"name":"wp","href":"https:\/\/api.w.org\/{rel}","templated":true}]}}