{"id":53148,"date":"2025-08-11T12:31:28","date_gmt":"2025-08-11T10:31:28","guid":{"rendered":"https:\/\/engel-kunst.com\/auktion-objekt\/schoellgen-hubert\/"},"modified":"2025-11-03T18:45:19","modified_gmt":"2025-11-03T17:45:19","slug":"schoellgen-hubert","status":"publish","type":"product","link":"https:\/\/engel-kunst.com\/en\/auktion-objekt\/schoellgen-hubert\/","title":{"rendered":"Sch\u00f6llgen, Hubert"},"content":{"rendered":"<p>Sch\u00f6llgen, Hubert<br \/>\n1897 D\u00fcsseldorf &#8211; 1978 Wuppertal-Elberfeld; deut. Maler, Grafiker und B\u00fchnenbildner. Studium an der D\u00fcsseldorfer Akad. und an der Unterrichts-Anstalt des Berliner Kunstgewerbemuseums bei Emil Orlik und Thorn-Prikker. Ruhende Schafe. Radierung, re. u. handsign. Hubert Sch\u00f6llgen, betit.. 20 x 25 cm. Bl. lei. gebr\u00e4unt, mit den oberen Ecken auf Passepartout montiert.<\/p>\n","protected":false},"excerpt":{"rendered":"<p>Sch\u00f6llgen, Hubert<br \/>\n1897 D\u00fcsseldorf &#8211; 1978 Wuppertal-Elberfeld; deut. Maler, Grafiker und B\u00fchnenbildner. Studium an der D\u00fcsseldorfer Akad. und an der Unterrichts-Anstalt des Berliner Kunstgewerbemuseums bei Emil Orlik und Thorn-Prikker. Ruhende Schafe. Radierung, re. u. handsign. Hubert Sch\u00f6llgen, betit.. 20 x 25 cm. Bl. lei. gebr\u00e4unt, mit den oberen Ecken auf Passepartout montiert.<br \/>\n\u20ac 20<\/p>\n","protected":false},"featured_media":53149,"template":"","meta":{"_acf_changed":false,"_seopress_robots_primary_cat":"","_seopress_titles_title":"","_seopress_titles_desc":"","_seopress_robots_index":""},"product_brand":[],"product_cat":[43],"product_tag":[51],"class_list":{"0":"post-53148","1":"product","2":"type-product","3":"status-publish","4":"has-post-thumbnail","6":"auktion-versteigerung-150","7":"auktion-archiv","8":"product_cat-druckgrafik-20-bis-21-jahrhundert","9":"product_tag-schriftlich","10":"sales-flash-overlay","11":"woocommerce-text-align-left","12":"woocommerce-image-align-center","14":"first","15":"outofstock","16":"sold-individually","17":"purchasable","18":"product-type-simple"},"acf":[],"_links":{"self":[{"href":"https:\/\/engel-kunst.com\/en\/wp-json\/wp\/v2\/product\/53148","targetHints":{"allow":["GET"]}}],"collection":[{"href":"https:\/\/engel-kunst.com\/en\/wp-json\/wp\/v2\/product"}],"about":[{"href":"https:\/\/engel-kunst.com\/en\/wp-json\/wp\/v2\/types\/product"}],"wp:featuredmedia":[{"embeddable":true,"href":"https:\/\/engel-kunst.com\/en\/wp-json\/wp\/v2\/media\/53149"}],"wp:attachment":[{"href":"https:\/\/engel-kunst.com\/en\/wp-json\/wp\/v2\/media?parent=53148"}],"wp:term":[{"taxonomy":"product_brand","embeddable":true,"href":"https:\/\/engel-kunst.com\/en\/wp-json\/wp\/v2\/product_brand?post=53148"},{"taxonomy":"product_cat","embeddable":true,"href":"https:\/\/engel-kunst.com\/en\/wp-json\/wp\/v2\/product_cat?post=53148"},{"taxonomy":"product_tag","embeddable":true,"href":"https:\/\/engel-kunst.com\/en\/wp-json\/wp\/v2\/product_tag?post=53148"}],"curies":[{"name":"wp","href":"https:\/\/api.w.org\/{rel}","templated":true}]}}