{"id":53152,"date":"2025-08-11T12:31:28","date_gmt":"2025-08-11T10:31:28","guid":{"rendered":"https:\/\/engel-kunst.com\/auktion-objekt\/schulz-konrad\/"},"modified":"2025-11-03T18:45:19","modified_gmt":"2025-11-03T17:45:19","slug":"schulz-konrad","status":"publish","type":"product","link":"https:\/\/engel-kunst.com\/en\/auktion-objekt\/schulz-konrad\/","title":{"rendered":"Schulz, Konrad"},"content":{"rendered":"<p>Schulz, Konrad<br \/>\n1940 Elbing &#8211; 2001 Hamburg; deut. Maler, Grafiker, Bildhauer und Objektk\u00fcnstler. Studium der Bildhauerei an der Hochschule f\u00fcr bildende K\u00fcnste Hamburg bei Gustav Seitz und am Royal College of Art in London. Cloudtransport. Farbserigrafie, re. u. handsign. K. Schulz, dat. (19)70. 47 x 41,2 cm. Bl. lei. gebr\u00e4unt und etwas fleckig, auf den Ecken runder Lichtfleck mit Einstichl\u00f6chlein.<\/p>\n","protected":false},"excerpt":{"rendered":"<p>Schulz, Konrad<br \/>\n1940 Elbing &#8211; 2001 Hamburg; deut. Maler, Grafiker, Bildhauer und Objektk\u00fcnstler. Studium der Bildhauerei an der Hochschule f\u00fcr bildende K\u00fcnste Hamburg bei Gustav Seitz und am Royal College of Art in London. Cloudtransport. Farbserigrafie, re. u. handsign. K. Schulz, dat. (19)70. 47 x 41,2 cm. Bl. lei. gebr\u00e4unt und etwas fleckig, auf den Ecken runder Lichtfleck mit Einstichl\u00f6chlein.<br \/>\n\u20ac 25<\/p>\n","protected":false},"featured_media":53153,"template":"","meta":{"_acf_changed":false,"_seopress_robots_primary_cat":"","_seopress_titles_title":"","_seopress_titles_desc":"","_seopress_robots_index":""},"product_brand":[],"product_cat":[43],"product_tag":[51],"class_list":{"0":"post-53152","1":"product","2":"type-product","3":"status-publish","4":"has-post-thumbnail","6":"auktion-versteigerung-150","7":"auktion-archiv","8":"product_cat-druckgrafik-20-bis-21-jahrhundert","9":"product_tag-schriftlich","10":"sales-flash-overlay","11":"woocommerce-text-align-left","12":"woocommerce-image-align-center","14":"first","15":"outofstock","16":"sold-individually","17":"purchasable","18":"product-type-simple"},"acf":[],"_links":{"self":[{"href":"https:\/\/engel-kunst.com\/en\/wp-json\/wp\/v2\/product\/53152","targetHints":{"allow":["GET"]}}],"collection":[{"href":"https:\/\/engel-kunst.com\/en\/wp-json\/wp\/v2\/product"}],"about":[{"href":"https:\/\/engel-kunst.com\/en\/wp-json\/wp\/v2\/types\/product"}],"wp:featuredmedia":[{"embeddable":true,"href":"https:\/\/engel-kunst.com\/en\/wp-json\/wp\/v2\/media\/53153"}],"wp:attachment":[{"href":"https:\/\/engel-kunst.com\/en\/wp-json\/wp\/v2\/media?parent=53152"}],"wp:term":[{"taxonomy":"product_brand","embeddable":true,"href":"https:\/\/engel-kunst.com\/en\/wp-json\/wp\/v2\/product_brand?post=53152"},{"taxonomy":"product_cat","embeddable":true,"href":"https:\/\/engel-kunst.com\/en\/wp-json\/wp\/v2\/product_cat?post=53152"},{"taxonomy":"product_tag","embeddable":true,"href":"https:\/\/engel-kunst.com\/en\/wp-json\/wp\/v2\/product_tag?post=53152"}],"curies":[{"name":"wp","href":"https:\/\/api.w.org\/{rel}","templated":true}]}}