{"id":53164,"date":"2025-08-11T12:31:46","date_gmt":"2025-08-11T10:31:46","guid":{"rendered":"https:\/\/engel-kunst.com\/auktion-objekt\/steiner-ernst\/"},"modified":"2025-11-03T18:45:22","modified_gmt":"2025-11-03T17:45:22","slug":"steiner-ernst","status":"publish","type":"product","link":"https:\/\/engel-kunst.com\/en\/auktion-objekt\/steiner-ernst\/","title":{"rendered":"Steiner, Ernst"},"content":{"rendered":"<p>Steiner, Ernst<br \/>\n1935 Winterthur &#8211; 2024 Wien; Maler und Grafiker. Malkurse bei Bruno Bischofberger, Grafikerlehre in Z\u00fcrich, fig\u00fcrliches Zeichnen an der Kunstgewerbeschule bei Franz Fischer. Ausbildung an der Hochschule f\u00fcr Angewandte Kunst bei Franz Herberth und Eduard B\u00e4umer. Studium an der Wiener Akad. bei S. Pauser und A. P. G\u00fctersloh. Von 1990 bis 2000 war Steiner Lehrbeauftragter in der Meisterklasse Friedensreich Hundertwasser. Quellberg. Farbaquatinta, re. u. handsign. Ernst Steiner, Aufl. 17\/100. 22 x19,8 cm. Passepartout, vergl. R..<\/p>\n","protected":false},"excerpt":{"rendered":"<p>Steiner, Ernst<br \/>\n1935 Winterthur &#8211; 2024 Wien; Maler und Grafiker. Malkurse bei Bruno Bischofberger, Grafikerlehre in Z\u00fcrich, fig\u00fcrliches Zeichnen an der Kunstgewerbeschule bei Franz Fischer. Ausbildung an der Hochschule f\u00fcr Angewandte Kunst bei Franz Herberth und Eduard B\u00e4umer. Studium an der Wiener Akad. bei S. Pauser und A. P. G\u00fctersloh. Von 1990 bis 2000 war Steiner Lehrbeauftragter in der Meisterklasse Friedensreich Hundertwasser. Quellberg. Farbaquatinta, re. u. handsign. Ernst Steiner, Aufl. 17\/100. 22 x19,8 cm. Passepartout, vergl. R..<br \/>\n\u20ac 50<\/p>\n","protected":false},"featured_media":53165,"template":"","meta":{"_acf_changed":false,"_seopress_robots_primary_cat":"","_seopress_titles_title":"","_seopress_titles_desc":"","_seopress_robots_index":""},"product_brand":[],"product_cat":[43],"product_tag":[51],"class_list":{"0":"post-53164","1":"product","2":"type-product","3":"status-publish","4":"has-post-thumbnail","6":"auktion-versteigerung-150","7":"auktion-archiv","8":"product_cat-druckgrafik-20-bis-21-jahrhundert","9":"product_tag-schriftlich","10":"sales-flash-overlay","11":"woocommerce-text-align-left","12":"woocommerce-image-align-center","14":"first","15":"outofstock","16":"sold-individually","17":"purchasable","18":"product-type-simple"},"acf":[],"_links":{"self":[{"href":"https:\/\/engel-kunst.com\/en\/wp-json\/wp\/v2\/product\/53164","targetHints":{"allow":["GET"]}}],"collection":[{"href":"https:\/\/engel-kunst.com\/en\/wp-json\/wp\/v2\/product"}],"about":[{"href":"https:\/\/engel-kunst.com\/en\/wp-json\/wp\/v2\/types\/product"}],"wp:featuredmedia":[{"embeddable":true,"href":"https:\/\/engel-kunst.com\/en\/wp-json\/wp\/v2\/media\/53165"}],"wp:attachment":[{"href":"https:\/\/engel-kunst.com\/en\/wp-json\/wp\/v2\/media?parent=53164"}],"wp:term":[{"taxonomy":"product_brand","embeddable":true,"href":"https:\/\/engel-kunst.com\/en\/wp-json\/wp\/v2\/product_brand?post=53164"},{"taxonomy":"product_cat","embeddable":true,"href":"https:\/\/engel-kunst.com\/en\/wp-json\/wp\/v2\/product_cat?post=53164"},{"taxonomy":"product_tag","embeddable":true,"href":"https:\/\/engel-kunst.com\/en\/wp-json\/wp\/v2\/product_tag?post=53164"}],"curies":[{"name":"wp","href":"https:\/\/api.w.org\/{rel}","templated":true}]}}