{"id":53174,"date":"2025-08-11T12:31:52","date_gmt":"2025-08-11T10:31:52","guid":{"rendered":"https:\/\/engel-kunst.com\/auktion-objekt\/wunderlich-paul\/"},"modified":"2025-11-03T18:45:24","modified_gmt":"2025-11-03T17:45:24","slug":"wunderlich-paul","status":"publish","type":"product","link":"https:\/\/engel-kunst.com\/en\/auktion-objekt\/wunderlich-paul\/","title":{"rendered":"Wunderlich, Paul"},"content":{"rendered":"<p>Wunderlich, Paul<br \/>\n1927 Eberswalde bei Berlin &#8211; 2010, war ans\u00e4ssig in Hamburg; deut. Zeichner und Grafiker. Studium an der Staatl. Hochschule f\u00fcr bild. K\u00fcnste in Hamburg, dort seit 1952 Lehrt\u00e4tigkeit. Studienreisen nach Paris, Spanien und S\u00fcdfrankreich. Sehen. 1982. Orig. Farblithografie, re. u. handsign. Wunderlich, Auf. 80\/1200. 36,7 x 26,8 cm. WV Riediger 686. Passepartout, vergl. R..<\/p>\n","protected":false},"excerpt":{"rendered":"<p>Wunderlich, Paul<br \/>\n1927 Eberswalde bei Berlin &#8211; 2010, war ans\u00e4ssig in Hamburg; deut. Zeichner und Grafiker. Studium an der Staatl. Hochschule f\u00fcr bild. K\u00fcnste in Hamburg, dort seit 1952 Lehrt\u00e4tigkeit. Studienreisen nach Paris, Spanien und S\u00fcdfrankreich. Sehen. 1982. Orig. Farblithografie, re. u. handsign. Wunderlich, Auf. 80\/1200. 36,7 x 26,8 cm. WV Riediger 686. Passepartout, vergl. R..<br \/>\n\u20ac 120<\/p>\n","protected":false},"featured_media":53175,"template":"","meta":{"_acf_changed":false,"_seopress_robots_primary_cat":"","_seopress_titles_title":"","_seopress_titles_desc":"","_seopress_robots_index":""},"product_brand":[],"product_cat":[43],"product_tag":[51],"class_list":{"0":"post-53174","1":"product","2":"type-product","3":"status-publish","4":"has-post-thumbnail","6":"auktion-versteigerung-150","7":"auktion-archiv","8":"product_cat-druckgrafik-20-bis-21-jahrhundert","9":"product_tag-schriftlich","10":"sales-flash-overlay","11":"woocommerce-text-align-left","12":"woocommerce-image-align-center","14":"first","15":"outofstock","16":"sold-individually","17":"purchasable","18":"product-type-simple"},"acf":[],"_links":{"self":[{"href":"https:\/\/engel-kunst.com\/en\/wp-json\/wp\/v2\/product\/53174","targetHints":{"allow":["GET"]}}],"collection":[{"href":"https:\/\/engel-kunst.com\/en\/wp-json\/wp\/v2\/product"}],"about":[{"href":"https:\/\/engel-kunst.com\/en\/wp-json\/wp\/v2\/types\/product"}],"wp:featuredmedia":[{"embeddable":true,"href":"https:\/\/engel-kunst.com\/en\/wp-json\/wp\/v2\/media\/53175"}],"wp:attachment":[{"href":"https:\/\/engel-kunst.com\/en\/wp-json\/wp\/v2\/media?parent=53174"}],"wp:term":[{"taxonomy":"product_brand","embeddable":true,"href":"https:\/\/engel-kunst.com\/en\/wp-json\/wp\/v2\/product_brand?post=53174"},{"taxonomy":"product_cat","embeddable":true,"href":"https:\/\/engel-kunst.com\/en\/wp-json\/wp\/v2\/product_cat?post=53174"},{"taxonomy":"product_tag","embeddable":true,"href":"https:\/\/engel-kunst.com\/en\/wp-json\/wp\/v2\/product_tag?post=53174"}],"curies":[{"name":"wp","href":"https:\/\/api.w.org\/{rel}","templated":true}]}}