{"id":53186,"date":"2025-08-11T12:31:57","date_gmt":"2025-08-11T10:31:57","guid":{"rendered":"https:\/\/engel-kunst.com\/auktion-objekt\/anonymer-malerin-19-jh-6\/"},"modified":"2025-11-03T18:45:26","modified_gmt":"2025-11-03T17:45:26","slug":"anonymer-malerin-19-jh-6","status":"publish","type":"product","link":"https:\/\/engel-kunst.com\/en\/auktion-objekt\/anonymer-malerin-19-jh-6\/","title":{"rendered":"Anonyme(r) Maler*in, 19. Jh."},"content":{"rendered":"<p>Anonyme(r) Maler*in, 19. Jh.<br \/>\nGro\u00dfer Blumenstrau\u00df. Im Stil der Alten Meister. \u00d6l\/Lwd., 68 x 57 cm. R..<\/p>\n","protected":false},"excerpt":{"rendered":"<p>Anonyme(r) Maler*in, 19. Jh.<br \/>\nGro\u00dfer Blumenstrau\u00df. Im Stil der Alten Meister. \u00d6l\/Lwd., 68 x 57 cm. R..<br \/>\n\u20ac 120<\/p>\n","protected":false},"featured_media":53187,"template":"","meta":{"_acf_changed":false,"_seopress_robots_primary_cat":"","_seopress_titles_title":"","_seopress_titles_desc":"","_seopress_robots_index":""},"product_brand":[],"product_cat":[79],"product_tag":[51],"class_list":{"0":"post-53186","1":"product","2":"type-product","3":"status-publish","4":"has-post-thumbnail","6":"auktion-versteigerung-150","7":"auktion-archiv","8":"product_cat-gemaelde-aquarelle-zeichnungen-15-bis-19-jahrhundert","9":"product_tag-schriftlich","10":"sales-flash-overlay","11":"woocommerce-text-align-left","12":"woocommerce-image-align-center","14":"first","15":"outofstock","16":"sold-individually","17":"purchasable","18":"product-type-simple"},"acf":[],"_links":{"self":[{"href":"https:\/\/engel-kunst.com\/en\/wp-json\/wp\/v2\/product\/53186","targetHints":{"allow":["GET"]}}],"collection":[{"href":"https:\/\/engel-kunst.com\/en\/wp-json\/wp\/v2\/product"}],"about":[{"href":"https:\/\/engel-kunst.com\/en\/wp-json\/wp\/v2\/types\/product"}],"wp:featuredmedia":[{"embeddable":true,"href":"https:\/\/engel-kunst.com\/en\/wp-json\/wp\/v2\/media\/53187"}],"wp:attachment":[{"href":"https:\/\/engel-kunst.com\/en\/wp-json\/wp\/v2\/media?parent=53186"}],"wp:term":[{"taxonomy":"product_brand","embeddable":true,"href":"https:\/\/engel-kunst.com\/en\/wp-json\/wp\/v2\/product_brand?post=53186"},{"taxonomy":"product_cat","embeddable":true,"href":"https:\/\/engel-kunst.com\/en\/wp-json\/wp\/v2\/product_cat?post=53186"},{"taxonomy":"product_tag","embeddable":true,"href":"https:\/\/engel-kunst.com\/en\/wp-json\/wp\/v2\/product_tag?post=53186"}],"curies":[{"name":"wp","href":"https:\/\/api.w.org\/{rel}","templated":true}]}}