{"id":53208,"date":"2025-08-11T12:32:07","date_gmt":"2025-08-11T10:32:07","guid":{"rendered":"https:\/\/engel-kunst.com\/auktion-objekt\/aschenbroich-heinrich-zugeschrieben\/"},"modified":"2025-11-03T18:45:32","modified_gmt":"2025-11-03T17:45:32","slug":"aschenbroich-heinrich-zugeschrieben","status":"publish","type":"product","link":"https:\/\/engel-kunst.com\/en\/auktion-objekt\/aschenbroich-heinrich-zugeschrieben\/","title":{"rendered":"Aschenbroich, Heinrich zugeschrieben"},"content":{"rendered":"<p>Aschenbroich, Heinrich zugeschrieben<br \/>\n1839 Volmerswerth &#8211; 1909 D\u00fcsseldorf; deut. Maler. Studium an der D\u00fcsseldorfer Akad. bei Andreas M\u00fcller, Heinr. M\u00fccke und Carl Ferdinand Sohn, Meistersch\u00fcler von Ernst Deger. Im Obstgarten. Re. u. schemenhaft erkennbar bez. H. Aschenbroich, darunter dat. 7\/7 (18)74, li. u. sp\u00e4ter aufgemalte Signatur WS des D\u00fcsseldorfer Malers Wilhelm Schreuer. \u00d6l\/Karton, 40 x 49,5 cm. Mehrere \u00fcbermalte Stellen. R..<\/p>\n","protected":false},"excerpt":{"rendered":"<p>Aschenbroich, Heinrich zugeschrieben<br \/>\n1839 Volmerswerth &#8211; 1909 D\u00fcsseldorf; deut. Maler. Studium an der D\u00fcsseldorfer Akad. bei Andreas M\u00fcller, Heinr. M\u00fccke und Carl Ferdinand Sohn, Meistersch\u00fcler von Ernst Deger. Im Obstgarten. Re. u. schemenhaft erkennbar bez. H. Aschenbroich, darunter dat. 7\/7 (18)74, li. u. sp\u00e4ter aufgemalte Signatur WS des D\u00fcsseldorfer Malers Wilhelm Schreuer. \u00d6l\/Karton, 40 x 49,5 cm. Mehrere \u00fcbermalte Stellen. R..<br \/>\n\u20ac 50<\/p>\n","protected":false},"featured_media":53209,"template":"","meta":{"_acf_changed":false,"_seopress_robots_primary_cat":"","_seopress_titles_title":"","_seopress_titles_desc":"","_seopress_robots_index":""},"product_brand":[],"product_cat":[79],"product_tag":[51],"class_list":{"0":"post-53208","1":"product","2":"type-product","3":"status-publish","4":"has-post-thumbnail","6":"auktion-versteigerung-150","7":"auktion-archiv","8":"product_cat-gemaelde-aquarelle-zeichnungen-15-bis-19-jahrhundert","9":"product_tag-schriftlich","10":"sales-flash-overlay","11":"woocommerce-text-align-left","12":"woocommerce-image-align-center","14":"first","15":"outofstock","16":"sold-individually","17":"purchasable","18":"product-type-simple"},"acf":[],"_links":{"self":[{"href":"https:\/\/engel-kunst.com\/en\/wp-json\/wp\/v2\/product\/53208","targetHints":{"allow":["GET"]}}],"collection":[{"href":"https:\/\/engel-kunst.com\/en\/wp-json\/wp\/v2\/product"}],"about":[{"href":"https:\/\/engel-kunst.com\/en\/wp-json\/wp\/v2\/types\/product"}],"wp:featuredmedia":[{"embeddable":true,"href":"https:\/\/engel-kunst.com\/en\/wp-json\/wp\/v2\/media\/53209"}],"wp:attachment":[{"href":"https:\/\/engel-kunst.com\/en\/wp-json\/wp\/v2\/media?parent=53208"}],"wp:term":[{"taxonomy":"product_brand","embeddable":true,"href":"https:\/\/engel-kunst.com\/en\/wp-json\/wp\/v2\/product_brand?post=53208"},{"taxonomy":"product_cat","embeddable":true,"href":"https:\/\/engel-kunst.com\/en\/wp-json\/wp\/v2\/product_cat?post=53208"},{"taxonomy":"product_tag","embeddable":true,"href":"https:\/\/engel-kunst.com\/en\/wp-json\/wp\/v2\/product_tag?post=53208"}],"curies":[{"name":"wp","href":"https:\/\/api.w.org\/{rel}","templated":true}]}}