{"id":53227,"date":"2025-08-11T12:32:19","date_gmt":"2025-08-11T10:32:19","guid":{"rendered":"https:\/\/engel-kunst.com\/auktion-objekt\/meisel-ernst\/"},"modified":"2025-11-03T18:45:35","modified_gmt":"2025-11-03T17:45:35","slug":"meisel-ernst","status":"publish","type":"product","link":"https:\/\/engel-kunst.com\/en\/auktion-objekt\/meisel-ernst\/","title":{"rendered":"Meisel, Ernst"},"content":{"rendered":"<p>Meisel, Ernst<br \/>\n1838 Lichte &#8211; 1895 M\u00fcnchen; deut. Genre- und Historienmaler. Sch\u00fcler von Piloty.  Kammerzofe ordnet einen Blumenstrau\u00df in eine Vase. Re. u. sign. E Meisel, M\u00fcnchen. \u00d6l\/Lwd., 46 x 37 cm. Stuckr. (etwas best.).<\/p>\n","protected":false},"excerpt":{"rendered":"<p>Meisel, Ernst<br \/>\n1838 Lichte &#8211; 1895 M\u00fcnchen; deut. Genre- und Historienmaler. Sch\u00fcler von Piloty.  Kammerzofe ordnet einen Blumenstrau\u00df in eine Vase. Re. u. sign. E Meisel, M\u00fcnchen. \u00d6l\/Lwd., 46 x 37 cm. Stuckr. (etwas best.).<br \/>\n\u20ac 500<\/p>\n","protected":false},"featured_media":53228,"template":"","meta":{"_acf_changed":false,"_seopress_robots_primary_cat":"","_seopress_titles_title":"","_seopress_titles_desc":"","_seopress_robots_index":""},"product_brand":[],"product_cat":[79],"product_tag":[52],"class_list":{"0":"post-53227","1":"product","2":"type-product","3":"status-publish","4":"has-post-thumbnail","6":"auktion-versteigerung-150","7":"auktion-archiv","8":"product_cat-gemaelde-aquarelle-zeichnungen-15-bis-19-jahrhundert","9":"product_tag-telefon","10":"sales-flash-overlay","11":"woocommerce-text-align-left","12":"woocommerce-image-align-center","14":"first","15":"outofstock","16":"sold-individually","17":"purchasable","18":"product-type-simple"},"acf":[],"_links":{"self":[{"href":"https:\/\/engel-kunst.com\/en\/wp-json\/wp\/v2\/product\/53227","targetHints":{"allow":["GET"]}}],"collection":[{"href":"https:\/\/engel-kunst.com\/en\/wp-json\/wp\/v2\/product"}],"about":[{"href":"https:\/\/engel-kunst.com\/en\/wp-json\/wp\/v2\/types\/product"}],"wp:featuredmedia":[{"embeddable":true,"href":"https:\/\/engel-kunst.com\/en\/wp-json\/wp\/v2\/media\/53228"}],"wp:attachment":[{"href":"https:\/\/engel-kunst.com\/en\/wp-json\/wp\/v2\/media?parent=53227"}],"wp:term":[{"taxonomy":"product_brand","embeddable":true,"href":"https:\/\/engel-kunst.com\/en\/wp-json\/wp\/v2\/product_brand?post=53227"},{"taxonomy":"product_cat","embeddable":true,"href":"https:\/\/engel-kunst.com\/en\/wp-json\/wp\/v2\/product_cat?post=53227"},{"taxonomy":"product_tag","embeddable":true,"href":"https:\/\/engel-kunst.com\/en\/wp-json\/wp\/v2\/product_tag?post=53227"}],"curies":[{"name":"wp","href":"https:\/\/api.w.org\/{rel}","templated":true}]}}