{"id":53240,"date":"2025-08-11T12:32:25","date_gmt":"2025-08-11T10:32:25","guid":{"rendered":"https:\/\/engel-kunst.com\/auktion-objekt\/sondermann-hermann\/"},"modified":"2025-11-03T18:45:38","modified_gmt":"2025-11-03T17:45:38","slug":"sondermann-hermann","status":"publish","type":"product","link":"https:\/\/engel-kunst.com\/en\/auktion-objekt\/sondermann-hermann\/","title":{"rendered":"Sondermann, Hermann"},"content":{"rendered":"<p>Sondermann, Hermann<br \/>\n1832 Berlin &#8211; 1901 D\u00fcsseldorf; deut. Bildnis- und Genremaler der D\u00fcsseldorfer Schule. Studium bei Johann Samuel Otto in Berlin, in Antwerpen bei Josephus Laurentius Dyckmans und an der D\u00fcsseldorfer Akad. bei Friedrich Wilhelm von Schadow und Rudolf Wiegmann.  Zwei Zeichnungen: Gotische Architekturstudie. Li. u. sign. H. Sondermann, dat. Erfurt 6\/6 (18)53. Bleistft\/braunem Papier, 24,7 x 27,5 cm, auf Passepartout montiert. Studie eines barocken Brunnen. Unsign., re. u. bez. Merseburg. Bleistift, Feder, laviert, wei\u00df geh\u00f6ht\/braunem Papier, 21,5 x 16,8 cm. Obere linke Bl.Ecke fehlt. Auf Passepartout montiert.<\/p>\n","protected":false},"excerpt":{"rendered":"<p>Sondermann, Hermann<br \/>\n1832 Berlin &#8211; 1901 D\u00fcsseldorf; deut. Bildnis- und Genremaler der D\u00fcsseldorfer Schule. Studium bei Johann Samuel Otto in Berlin, in Antwerpen bei Josephus Laurentius Dyckmans und an der D\u00fcsseldorfer Akad. bei Friedrich Wilhelm von Schadow und Rudolf Wiegmann.  Zwei Zeichnungen: Gotische Architekturstudie. Li. u. sign. H. Sondermann, dat. Erfurt 6\/6 (18)53. Bleistft\/braunem Papier, 24,7 x 27,5 cm, auf Passepartout montiert. Studie eines barocken Brunnen. Unsign., re. u. bez. Merseburg. Bleistift, Feder, laviert, wei\u00df geh\u00f6ht\/braunem Papier, 21,5 x 16,8 cm. Obere linke Bl.Ecke fehlt. Auf Passepartout montiert.<br \/>\n\u20ac 25<\/p>\n","protected":false},"featured_media":53241,"template":"","meta":{"_acf_changed":false,"_seopress_robots_primary_cat":"","_seopress_titles_title":"","_seopress_titles_desc":"","_seopress_robots_index":""},"product_brand":[],"product_cat":[79],"product_tag":[51],"class_list":{"0":"post-53240","1":"product","2":"type-product","3":"status-publish","4":"has-post-thumbnail","6":"auktion-versteigerung-150","7":"auktion-archiv","8":"product_cat-gemaelde-aquarelle-zeichnungen-15-bis-19-jahrhundert","9":"product_tag-schriftlich","10":"sales-flash-overlay","11":"woocommerce-text-align-left","12":"woocommerce-image-align-center","14":"first","15":"outofstock","16":"sold-individually","17":"purchasable","18":"product-type-simple"},"acf":[],"_links":{"self":[{"href":"https:\/\/engel-kunst.com\/en\/wp-json\/wp\/v2\/product\/53240","targetHints":{"allow":["GET"]}}],"collection":[{"href":"https:\/\/engel-kunst.com\/en\/wp-json\/wp\/v2\/product"}],"about":[{"href":"https:\/\/engel-kunst.com\/en\/wp-json\/wp\/v2\/types\/product"}],"wp:featuredmedia":[{"embeddable":true,"href":"https:\/\/engel-kunst.com\/en\/wp-json\/wp\/v2\/media\/53241"}],"wp:attachment":[{"href":"https:\/\/engel-kunst.com\/en\/wp-json\/wp\/v2\/media?parent=53240"}],"wp:term":[{"taxonomy":"product_brand","embeddable":true,"href":"https:\/\/engel-kunst.com\/en\/wp-json\/wp\/v2\/product_brand?post=53240"},{"taxonomy":"product_cat","embeddable":true,"href":"https:\/\/engel-kunst.com\/en\/wp-json\/wp\/v2\/product_cat?post=53240"},{"taxonomy":"product_tag","embeddable":true,"href":"https:\/\/engel-kunst.com\/en\/wp-json\/wp\/v2\/product_tag?post=53240"}],"curies":[{"name":"wp","href":"https:\/\/api.w.org\/{rel}","templated":true}]}}