{"id":53242,"date":"2025-08-11T12:32:25","date_gmt":"2025-08-11T10:32:25","guid":{"rendered":"https:\/\/engel-kunst.com\/auktion-objekt\/ahrens-p\/"},"modified":"2025-11-03T18:45:38","modified_gmt":"2025-11-03T17:45:38","slug":"ahrens-p","status":"publish","type":"product","link":"https:\/\/engel-kunst.com\/en\/auktion-objekt\/ahrens-p\/","title":{"rendered":"Ahrens, P."},"content":{"rendered":"<p>Ahrens, P.<br \/>\n20. Jh.. Gro\u00dfer Blumenstrau\u00df. Re. u. sign. P. Ahrens. \u00d6l\/Lwd., 81 x 71 cm. Im linken Bildbereich mehrere graue Flecken. R..<\/p>\n","protected":false},"excerpt":{"rendered":"<p>Ahrens, P.<br \/>\n20. Jh.. Gro\u00dfer Blumenstrau\u00df. Re. u. sign. P. Ahrens. \u00d6l\/Lwd., 81 x 71 cm. Im linken Bildbereich mehrere graue Flecken. R..<br \/>\n\u20ac 50<\/p>\n","protected":false},"featured_media":53243,"template":"","meta":{"_acf_changed":false,"_seopress_robots_primary_cat":"","_seopress_titles_title":"","_seopress_titles_desc":"","_seopress_robots_index":""},"product_brand":[],"product_cat":[80],"product_tag":[51],"class_list":{"0":"post-53242","1":"product","2":"type-product","3":"status-publish","4":"has-post-thumbnail","6":"auktion-versteigerung-150","7":"auktion-archiv","8":"product_cat-gemaelde-aquarelle-zeichnungen-20-bis-21-jahrhundert","9":"product_tag-schriftlich","10":"sales-flash-overlay","11":"woocommerce-text-align-left","12":"woocommerce-image-align-center","14":"first","15":"outofstock","16":"sold-individually","17":"purchasable","18":"product-type-simple"},"acf":[],"_links":{"self":[{"href":"https:\/\/engel-kunst.com\/en\/wp-json\/wp\/v2\/product\/53242","targetHints":{"allow":["GET"]}}],"collection":[{"href":"https:\/\/engel-kunst.com\/en\/wp-json\/wp\/v2\/product"}],"about":[{"href":"https:\/\/engel-kunst.com\/en\/wp-json\/wp\/v2\/types\/product"}],"wp:featuredmedia":[{"embeddable":true,"href":"https:\/\/engel-kunst.com\/en\/wp-json\/wp\/v2\/media\/53243"}],"wp:attachment":[{"href":"https:\/\/engel-kunst.com\/en\/wp-json\/wp\/v2\/media?parent=53242"}],"wp:term":[{"taxonomy":"product_brand","embeddable":true,"href":"https:\/\/engel-kunst.com\/en\/wp-json\/wp\/v2\/product_brand?post=53242"},{"taxonomy":"product_cat","embeddable":true,"href":"https:\/\/engel-kunst.com\/en\/wp-json\/wp\/v2\/product_cat?post=53242"},{"taxonomy":"product_tag","embeddable":true,"href":"https:\/\/engel-kunst.com\/en\/wp-json\/wp\/v2\/product_tag?post=53242"}],"curies":[{"name":"wp","href":"https:\/\/api.w.org\/{rel}","templated":true}]}}