{"id":53244,"date":"2025-08-11T12:32:25","date_gmt":"2025-08-11T10:32:25","guid":{"rendered":"https:\/\/engel-kunst.com\/auktion-objekt\/allroggen-johan-peter\/"},"modified":"2025-11-03T18:45:38","modified_gmt":"2025-11-03T17:45:38","slug":"allroggen-johan-peter","status":"publish","type":"product","link":"https:\/\/engel-kunst.com\/en\/auktion-objekt\/allroggen-johan-peter\/","title":{"rendered":"Allroggen, Johan Peter"},"content":{"rendered":"<p>Allroggen, Johan Peter<br \/>\n*1941 Ansten\/Neuss, ans\u00e4ssig in Retterath; deut. Landschafts-, Tier- und Genremaler.<br \/>\nBlaumeise auf bl\u00fchendem Ge\u00e4st. Re. u. sign. J.P. Allroggen. \u00d6l\/Holz, 24 x 18 cm. R..<\/p>\n","protected":false},"excerpt":{"rendered":"<p>Allroggen, Johan Peter<br \/>\n*1941 Ansten\/Neuss, ans\u00e4ssig in Retterath; deut. Landschafts-, Tier- und Genremaler.<br \/>\nBlaumeise auf bl\u00fchendem Ge\u00e4st. Re. u. sign. J.P. Allroggen. \u00d6l\/Holz, 24 x 18 cm. R..<br \/>\n\u20ac 30<\/p>\n","protected":false},"featured_media":53245,"template":"","meta":{"_acf_changed":false,"_seopress_robots_primary_cat":"","_seopress_titles_title":"","_seopress_titles_desc":"","_seopress_robots_index":""},"product_brand":[],"product_cat":[80],"product_tag":[51],"class_list":{"0":"post-53244","1":"product","2":"type-product","3":"status-publish","4":"has-post-thumbnail","6":"auktion-versteigerung-150","7":"auktion-archiv","8":"product_cat-gemaelde-aquarelle-zeichnungen-20-bis-21-jahrhundert","9":"product_tag-schriftlich","10":"sales-flash-overlay","11":"woocommerce-text-align-left","12":"woocommerce-image-align-center","14":"first","15":"outofstock","16":"sold-individually","17":"purchasable","18":"product-type-simple"},"acf":[],"_links":{"self":[{"href":"https:\/\/engel-kunst.com\/en\/wp-json\/wp\/v2\/product\/53244","targetHints":{"allow":["GET"]}}],"collection":[{"href":"https:\/\/engel-kunst.com\/en\/wp-json\/wp\/v2\/product"}],"about":[{"href":"https:\/\/engel-kunst.com\/en\/wp-json\/wp\/v2\/types\/product"}],"wp:featuredmedia":[{"embeddable":true,"href":"https:\/\/engel-kunst.com\/en\/wp-json\/wp\/v2\/media\/53245"}],"wp:attachment":[{"href":"https:\/\/engel-kunst.com\/en\/wp-json\/wp\/v2\/media?parent=53244"}],"wp:term":[{"taxonomy":"product_brand","embeddable":true,"href":"https:\/\/engel-kunst.com\/en\/wp-json\/wp\/v2\/product_brand?post=53244"},{"taxonomy":"product_cat","embeddable":true,"href":"https:\/\/engel-kunst.com\/en\/wp-json\/wp\/v2\/product_cat?post=53244"},{"taxonomy":"product_tag","embeddable":true,"href":"https:\/\/engel-kunst.com\/en\/wp-json\/wp\/v2\/product_tag?post=53244"}],"curies":[{"name":"wp","href":"https:\/\/api.w.org\/{rel}","templated":true}]}}