{"id":53266,"date":"2025-08-11T12:32:35","date_gmt":"2025-08-11T10:32:35","guid":{"rendered":"https:\/\/engel-kunst.com\/auktion-objekt\/duchene-peter\/"},"modified":"2025-11-03T18:45:42","modified_gmt":"2025-11-03T17:45:42","slug":"duchene-peter","status":"publish","type":"product","link":"https:\/\/engel-kunst.com\/en\/auktion-objekt\/duchene-peter\/","title":{"rendered":"Duch\u00eane, Peter"},"content":{"rendered":"<p>Duch\u00eane, Peter<br \/>\n1941 K\u00f6ln &#8211; 2009 Waldesch bei Koblenz; deut. Maler, Bildhauer und Restaurator. Seit 1970 freiberuflich t\u00e4tig. Viele Arbeiten befinden sich in \u00f6ffentlichen und privaten Sammlungen.<br \/>\nBronze I. Re. u. sign. P. Duch\u00eane, dat. (20)08, verso sign., betit.. \u00d6l\/Holz, 33 x 25 cm. R..<\/p>\n","protected":false},"excerpt":{"rendered":"<p>Duch\u00eane, Peter<br \/>\n1941 K\u00f6ln &#8211; 2009 Waldesch bei Koblenz; deut. Maler, Bildhauer und Restaurator. Seit 1970 freiberuflich t\u00e4tig. Viele Arbeiten befinden sich in \u00f6ffentlichen und privaten Sammlungen.<br \/>\nBronze I. Re. u. sign. P. Duch\u00eane, dat. (20)08, verso sign., betit.. \u00d6l\/Holz, 33 x 25 cm. R..<br \/>\n\u20ac 30<\/p>\n","protected":false},"featured_media":53267,"template":"","meta":{"_acf_changed":false,"_seopress_robots_primary_cat":"","_seopress_titles_title":"","_seopress_titles_desc":"","_seopress_robots_index":""},"product_brand":[],"product_cat":[80],"product_tag":[51],"class_list":{"0":"post-53266","1":"product","2":"type-product","3":"status-publish","4":"has-post-thumbnail","6":"auktion-versteigerung-150","7":"auktion-archiv","8":"product_cat-gemaelde-aquarelle-zeichnungen-20-bis-21-jahrhundert","9":"product_tag-schriftlich","10":"sales-flash-overlay","11":"woocommerce-text-align-left","12":"woocommerce-image-align-center","14":"first","15":"outofstock","16":"sold-individually","17":"purchasable","18":"product-type-simple"},"acf":[],"_links":{"self":[{"href":"https:\/\/engel-kunst.com\/en\/wp-json\/wp\/v2\/product\/53266","targetHints":{"allow":["GET"]}}],"collection":[{"href":"https:\/\/engel-kunst.com\/en\/wp-json\/wp\/v2\/product"}],"about":[{"href":"https:\/\/engel-kunst.com\/en\/wp-json\/wp\/v2\/types\/product"}],"wp:featuredmedia":[{"embeddable":true,"href":"https:\/\/engel-kunst.com\/en\/wp-json\/wp\/v2\/media\/53267"}],"wp:attachment":[{"href":"https:\/\/engel-kunst.com\/en\/wp-json\/wp\/v2\/media?parent=53266"}],"wp:term":[{"taxonomy":"product_brand","embeddable":true,"href":"https:\/\/engel-kunst.com\/en\/wp-json\/wp\/v2\/product_brand?post=53266"},{"taxonomy":"product_cat","embeddable":true,"href":"https:\/\/engel-kunst.com\/en\/wp-json\/wp\/v2\/product_cat?post=53266"},{"taxonomy":"product_tag","embeddable":true,"href":"https:\/\/engel-kunst.com\/en\/wp-json\/wp\/v2\/product_tag?post=53266"}],"curies":[{"name":"wp","href":"https:\/\/api.w.org\/{rel}","templated":true}]}}