{"id":53270,"date":"2025-08-11T12:32:41","date_gmt":"2025-08-11T10:32:41","guid":{"rendered":"https:\/\/engel-kunst.com\/auktion-objekt\/frank-edvard\/"},"modified":"2025-11-03T18:45:42","modified_gmt":"2025-11-03T17:45:42","slug":"frank-edvard","status":"publish","type":"product","link":"https:\/\/engel-kunst.com\/en\/auktion-objekt\/frank-edvard\/","title":{"rendered":"Frank, Edvard"},"content":{"rendered":"<p>Frank, Edvard<br \/>\n1909 Korschenbroich &#8211; 1972 Saarlouis; deut. Figuren-, Akt- und Stilllebenmaler und Grafiker. Studium an der Kunstgewerbeschule in Trier bei August Tr\u00fcmper, an der Berliner Akad. bei Karl Hofer und Adolf Str\u00fcbe. Mitglied der Pf\u00e4lzer Sezession. 2 Frauen. Verso betit., dat. 1956. Bleistift und Aquarell\/Papier, 29,9 x 23,5 cm. Passepartout, vergl. R..<\/p>\n","protected":false},"excerpt":{"rendered":"<p>Frank, Edvard<br \/>\n1909 Korschenbroich &#8211; 1972 Saarlouis; deut. Figuren-, Akt- und Stilllebenmaler und Grafiker. Studium an der Kunstgewerbeschule in Trier bei August Tr\u00fcmper, an der Berliner Akad. bei Karl Hofer und Adolf Str\u00fcbe. Mitglied der Pf\u00e4lzer Sezession. 2 Frauen. Verso betit., dat. 1956. Bleistift und Aquarell\/Papier, 29,9 x 23,5 cm. Passepartout, vergl. R..<br \/>\n\u20ac 65<\/p>\n","protected":false},"featured_media":53271,"template":"","meta":{"_acf_changed":false,"_seopress_robots_primary_cat":"","_seopress_titles_title":"","_seopress_titles_desc":"","_seopress_robots_index":""},"product_brand":[],"product_cat":[80],"product_tag":[51],"class_list":{"0":"post-53270","1":"product","2":"type-product","3":"status-publish","4":"has-post-thumbnail","6":"auktion-versteigerung-150","7":"auktion-archiv","8":"product_cat-gemaelde-aquarelle-zeichnungen-20-bis-21-jahrhundert","9":"product_tag-schriftlich","10":"sales-flash-overlay","11":"woocommerce-text-align-left","12":"woocommerce-image-align-center","14":"first","15":"outofstock","16":"sold-individually","17":"purchasable","18":"product-type-simple"},"acf":[],"_links":{"self":[{"href":"https:\/\/engel-kunst.com\/en\/wp-json\/wp\/v2\/product\/53270","targetHints":{"allow":["GET"]}}],"collection":[{"href":"https:\/\/engel-kunst.com\/en\/wp-json\/wp\/v2\/product"}],"about":[{"href":"https:\/\/engel-kunst.com\/en\/wp-json\/wp\/v2\/types\/product"}],"wp:featuredmedia":[{"embeddable":true,"href":"https:\/\/engel-kunst.com\/en\/wp-json\/wp\/v2\/media\/53271"}],"wp:attachment":[{"href":"https:\/\/engel-kunst.com\/en\/wp-json\/wp\/v2\/media?parent=53270"}],"wp:term":[{"taxonomy":"product_brand","embeddable":true,"href":"https:\/\/engel-kunst.com\/en\/wp-json\/wp\/v2\/product_brand?post=53270"},{"taxonomy":"product_cat","embeddable":true,"href":"https:\/\/engel-kunst.com\/en\/wp-json\/wp\/v2\/product_cat?post=53270"},{"taxonomy":"product_tag","embeddable":true,"href":"https:\/\/engel-kunst.com\/en\/wp-json\/wp\/v2\/product_tag?post=53270"}],"curies":[{"name":"wp","href":"https:\/\/api.w.org\/{rel}","templated":true}]}}