{"id":53278,"date":"2025-08-11T12:32:41","date_gmt":"2025-08-11T10:32:41","guid":{"rendered":"https:\/\/engel-kunst.com\/auktion-objekt\/hoelter-h\/"},"modified":"2025-11-03T18:45:44","modified_gmt":"2025-11-03T17:45:44","slug":"hoelter-h","status":"publish","type":"product","link":"https:\/\/engel-kunst.com\/en\/auktion-objekt\/hoelter-h\/","title":{"rendered":"H\u00f6lter, H."},"content":{"rendered":"<p>H\u00f6lter, H.<br \/>\nB\u00e4uerliches Anwesen hinter bl\u00fchenden B\u00e4umen. Li. u. sign. H. H\u00f6lter, dat. (19)09. \u00d6l\/Lwd., 50 x 70,5 cm. Stuckr..<\/p>\n","protected":false},"excerpt":{"rendered":"<p>H\u00f6lter, H.<br \/>\nB\u00e4uerliches Anwesen hinter bl\u00fchenden B\u00e4umen. Li. u. sign. H. H\u00f6lter, dat. (19)09. \u00d6l\/Lwd., 50 x 70,5 cm. Stuckr..<br \/>\n\u20ac 70<\/p>\n","protected":false},"featured_media":53279,"template":"","meta":{"_acf_changed":false,"_seopress_robots_primary_cat":"","_seopress_titles_title":"","_seopress_titles_desc":"","_seopress_robots_index":""},"product_brand":[],"product_cat":[80],"product_tag":[51],"class_list":{"0":"post-53278","1":"product","2":"type-product","3":"status-publish","4":"has-post-thumbnail","6":"auktion-versteigerung-150","7":"auktion-archiv","8":"product_cat-gemaelde-aquarelle-zeichnungen-20-bis-21-jahrhundert","9":"product_tag-schriftlich","10":"sales-flash-overlay","11":"woocommerce-text-align-left","12":"woocommerce-image-align-center","14":"first","15":"outofstock","16":"sold-individually","17":"purchasable","18":"product-type-simple"},"acf":[],"_links":{"self":[{"href":"https:\/\/engel-kunst.com\/en\/wp-json\/wp\/v2\/product\/53278","targetHints":{"allow":["GET"]}}],"collection":[{"href":"https:\/\/engel-kunst.com\/en\/wp-json\/wp\/v2\/product"}],"about":[{"href":"https:\/\/engel-kunst.com\/en\/wp-json\/wp\/v2\/types\/product"}],"wp:featuredmedia":[{"embeddable":true,"href":"https:\/\/engel-kunst.com\/en\/wp-json\/wp\/v2\/media\/53279"}],"wp:attachment":[{"href":"https:\/\/engel-kunst.com\/en\/wp-json\/wp\/v2\/media?parent=53278"}],"wp:term":[{"taxonomy":"product_brand","embeddable":true,"href":"https:\/\/engel-kunst.com\/en\/wp-json\/wp\/v2\/product_brand?post=53278"},{"taxonomy":"product_cat","embeddable":true,"href":"https:\/\/engel-kunst.com\/en\/wp-json\/wp\/v2\/product_cat?post=53278"},{"taxonomy":"product_tag","embeddable":true,"href":"https:\/\/engel-kunst.com\/en\/wp-json\/wp\/v2\/product_tag?post=53278"}],"curies":[{"name":"wp","href":"https:\/\/api.w.org\/{rel}","templated":true}]}}