{"id":53282,"date":"2025-08-11T12:32:47","date_gmt":"2025-08-11T10:32:47","guid":{"rendered":"https:\/\/engel-kunst.com\/auktion-objekt\/isle-wolfgang\/"},"modified":"2025-11-03T18:45:46","modified_gmt":"2025-11-03T17:45:46","slug":"isle-wolfgang","status":"publish","type":"product","link":"https:\/\/engel-kunst.com\/en\/auktion-objekt\/isle-wolfgang\/","title":{"rendered":"Isle, Wolfgang"},"content":{"rendered":"<p>Isle, Wolfgang<br \/>\n1945 Rodheim vor der H\u00f6he &#8211; 1996 \u00d6hningen; deut. Maler und Grafiker. Studium an der Staatl. Hochschule f\u00fcr Bildende K\u00fcnste in Frankfurt a. M. und an der Berliner Akad. bei Jaenisch, Ackermann, Marwan und Ramsbott. Ohne Titel. Mi. u. sign. W. Isle, dat. (19)91. Mischtechnik\/Papier, ca. 86,5 x 62 cm (Bildausschnitt). Passepartout, vergl. R.. Hinweis: nur Selbstabholung oder Versand mit Spedition.<\/p>\n","protected":false},"excerpt":{"rendered":"<p>Isle, Wolfgang<br \/>\n1945 Rodheim vor der H\u00f6he &#8211; 1996 \u00d6hningen; deut. Maler und Grafiker. Studium an der Staatl. Hochschule f\u00fcr Bildende K\u00fcnste in Frankfurt a. M. und an der Berliner Akad. bei Jaenisch, Ackermann, Marwan und Ramsbott. Ohne Titel. Mi. u. sign. W. Isle, dat. (19)91. Mischtechnik\/Papier, ca. 86,5 x 62 cm (Bildausschnitt). Passepartout, vergl. R.. Hinweis: nur Selbstabholung oder Versand mit Spedition.<br \/>\n\u20ac 90<\/p>\n","protected":false},"featured_media":53283,"template":"","meta":{"_acf_changed":false,"_seopress_robots_primary_cat":"none","_seopress_titles_title":"","_seopress_titles_desc":"","_seopress_robots_index":""},"product_brand":[],"product_cat":[80],"product_tag":[51],"class_list":{"0":"post-53282","1":"product","2":"type-product","3":"status-publish","4":"has-post-thumbnail","6":"auktion-versteigerung-150","7":"auktion-archiv","8":"product_cat-gemaelde-aquarelle-zeichnungen-20-bis-21-jahrhundert","9":"product_tag-schriftlich","10":"sales-flash-overlay","11":"woocommerce-text-align-left","12":"woocommerce-image-align-center","14":"first","15":"outofstock","16":"sold-individually","17":"purchasable","18":"product-type-simple"},"acf":[],"_links":{"self":[{"href":"https:\/\/engel-kunst.com\/en\/wp-json\/wp\/v2\/product\/53282","targetHints":{"allow":["GET"]}}],"collection":[{"href":"https:\/\/engel-kunst.com\/en\/wp-json\/wp\/v2\/product"}],"about":[{"href":"https:\/\/engel-kunst.com\/en\/wp-json\/wp\/v2\/types\/product"}],"wp:featuredmedia":[{"embeddable":true,"href":"https:\/\/engel-kunst.com\/en\/wp-json\/wp\/v2\/media\/53283"}],"wp:attachment":[{"href":"https:\/\/engel-kunst.com\/en\/wp-json\/wp\/v2\/media?parent=53282"}],"wp:term":[{"taxonomy":"product_brand","embeddable":true,"href":"https:\/\/engel-kunst.com\/en\/wp-json\/wp\/v2\/product_brand?post=53282"},{"taxonomy":"product_cat","embeddable":true,"href":"https:\/\/engel-kunst.com\/en\/wp-json\/wp\/v2\/product_cat?post=53282"},{"taxonomy":"product_tag","embeddable":true,"href":"https:\/\/engel-kunst.com\/en\/wp-json\/wp\/v2\/product_tag?post=53282"}],"curies":[{"name":"wp","href":"https:\/\/api.w.org\/{rel}","templated":true}]}}