{"id":53284,"date":"2025-08-11T12:32:47","date_gmt":"2025-08-11T10:32:47","guid":{"rendered":"https:\/\/engel-kunst.com\/auktion-objekt\/israels-isaac-lazarus-4\/"},"modified":"2025-11-03T18:45:46","modified_gmt":"2025-11-03T17:45:46","slug":"israels-isaac-lazarus-4","status":"publish","type":"product","link":"https:\/\/engel-kunst.com\/en\/auktion-objekt\/israels-isaac-lazarus-4\/","title":{"rendered":"Israels, Isaac Lazarus"},"content":{"rendered":"<p>Israels, Isaac Lazarus<br \/>\n1865 Amsterdam &#8211; 1934 Den Haag; holl. Maler. Er geh\u00f6rt zu den Hauptvertretern des Amsterdamer Impressionismus. Sch\u00fcler seines Vaters Jozef Israels. Studium an der K\u00f6niglichen Akademie der Bildenden K\u00fcnste und der Reichsakademie der Bildenden K\u00fcnste in Amsterdam. Lebhafte Stra\u00dfenszene. Re. u. sign. I. Israels. Kohlestift und Aquarell\/Papier, ca. 34 x 40 cm (Bildausschnitt). Im unteren Bildbereich mehrere br\u00e4unliche Flecken. Passepartout, vergl. R..<\/p>\n","protected":false},"excerpt":{"rendered":"<p>Israels, Isaac Lazarus<br \/>\n1865 Amsterdam &#8211; 1934 Den Haag; holl. Maler. Er geh\u00f6rt zu den Hauptvertretern des Amsterdamer Impressionismus. Sch\u00fcler seines Vaters Jozef Israels. Studium an der K\u00f6niglichen Akademie der Bildenden K\u00fcnste und der Reichsakademie der Bildenden K\u00fcnste in Amsterdam. Lebhafte Stra\u00dfenszene. Re. u. sign. I. Israels. Kohlestift und Aquarell\/Papier, ca. 34 x 40 cm (Bildausschnitt). Im unteren Bildbereich mehrere br\u00e4unliche Flecken. Passepartout, vergl. R..<br \/>\n\u20ac 300<\/p>\n","protected":false},"featured_media":53285,"template":"","meta":{"_acf_changed":false,"_seopress_robots_primary_cat":"","_seopress_titles_title":"","_seopress_titles_desc":"","_seopress_robots_index":""},"product_brand":[],"product_cat":[80],"product_tag":[52],"class_list":{"0":"post-53284","1":"product","2":"type-product","3":"status-publish","4":"has-post-thumbnail","6":"auktion-versteigerung-150","7":"auktion-archiv","8":"product_cat-gemaelde-aquarelle-zeichnungen-20-bis-21-jahrhundert","9":"product_tag-telefon","10":"sales-flash-overlay","11":"woocommerce-text-align-left","12":"woocommerce-image-align-center","14":"first","15":"outofstock","16":"sold-individually","17":"purchasable","18":"product-type-simple"},"acf":[],"_links":{"self":[{"href":"https:\/\/engel-kunst.com\/en\/wp-json\/wp\/v2\/product\/53284","targetHints":{"allow":["GET"]}}],"collection":[{"href":"https:\/\/engel-kunst.com\/en\/wp-json\/wp\/v2\/product"}],"about":[{"href":"https:\/\/engel-kunst.com\/en\/wp-json\/wp\/v2\/types\/product"}],"wp:featuredmedia":[{"embeddable":true,"href":"https:\/\/engel-kunst.com\/en\/wp-json\/wp\/v2\/media\/53285"}],"wp:attachment":[{"href":"https:\/\/engel-kunst.com\/en\/wp-json\/wp\/v2\/media?parent=53284"}],"wp:term":[{"taxonomy":"product_brand","embeddable":true,"href":"https:\/\/engel-kunst.com\/en\/wp-json\/wp\/v2\/product_brand?post=53284"},{"taxonomy":"product_cat","embeddable":true,"href":"https:\/\/engel-kunst.com\/en\/wp-json\/wp\/v2\/product_cat?post=53284"},{"taxonomy":"product_tag","embeddable":true,"href":"https:\/\/engel-kunst.com\/en\/wp-json\/wp\/v2\/product_tag?post=53284"}],"curies":[{"name":"wp","href":"https:\/\/api.w.org\/{rel}","templated":true}]}}