{"id":53286,"date":"2025-08-11T12:32:47","date_gmt":"2025-08-11T10:32:47","guid":{"rendered":"https:\/\/engel-kunst.com\/auktion-objekt\/kaemmerer-robert\/"},"modified":"2025-11-03T18:45:46","modified_gmt":"2025-11-03T17:45:46","slug":"kaemmerer-robert","status":"publish","type":"product","link":"https:\/\/engel-kunst.com\/en\/auktion-objekt\/kaemmerer-robert\/","title":{"rendered":"K\u00e4mmerer, Robert"},"content":{"rendered":"<p>K\u00e4mmerer, Robert<br \/>\n1870 Kassel &#8211; 1950 Berlin; deut. Landschafts-, Tier- und Architekturmaler. Sch\u00fcler an der Kunstgewerbeschule in Kassel. Landschaftsimpression. Li. u. sign. Rob. K\u00e4mmerer, dat. Berlin (19)09. \u00d6l\/Lwd., 53,5 x 42,5 cm. Partiell etwas Craquel\u00e9. Vergoldeter Prunkr. aus der Zeit. Hinweis: nur Selbstabholung oder Versand durch Spedition.<\/p>\n","protected":false},"excerpt":{"rendered":"<p>K\u00e4mmerer, Robert<br \/>\n1870 Kassel &#8211; 1950 Berlin; deut. Landschafts-, Tier- und Architekturmaler. Sch\u00fcler an der Kunstgewerbeschule in Kassel. Landschaftsimpression. Li. u. sign. Rob. K\u00e4mmerer, dat. Berlin (19)09. \u00d6l\/Lwd., 53,5 x 42,5 cm. Partiell etwas Craquel\u00e9. Vergoldeter Prunkr. aus der Zeit. Hinweis: nur Selbstabholung oder Versand durch Spedition.<br \/>\n\u20ac 200<\/p>\n","protected":false},"featured_media":53287,"template":"","meta":{"_acf_changed":false,"_seopress_robots_primary_cat":"","_seopress_titles_title":"","_seopress_titles_desc":"","_seopress_robots_index":""},"product_brand":[],"product_cat":[80],"product_tag":[51],"class_list":{"0":"post-53286","1":"product","2":"type-product","3":"status-publish","4":"has-post-thumbnail","6":"auktion-versteigerung-150","7":"auktion-archiv","8":"product_cat-gemaelde-aquarelle-zeichnungen-20-bis-21-jahrhundert","9":"product_tag-schriftlich","10":"sales-flash-overlay","11":"woocommerce-text-align-left","12":"woocommerce-image-align-center","14":"first","15":"outofstock","16":"sold-individually","17":"purchasable","18":"product-type-simple"},"acf":[],"_links":{"self":[{"href":"https:\/\/engel-kunst.com\/en\/wp-json\/wp\/v2\/product\/53286","targetHints":{"allow":["GET"]}}],"collection":[{"href":"https:\/\/engel-kunst.com\/en\/wp-json\/wp\/v2\/product"}],"about":[{"href":"https:\/\/engel-kunst.com\/en\/wp-json\/wp\/v2\/types\/product"}],"wp:featuredmedia":[{"embeddable":true,"href":"https:\/\/engel-kunst.com\/en\/wp-json\/wp\/v2\/media\/53287"}],"wp:attachment":[{"href":"https:\/\/engel-kunst.com\/en\/wp-json\/wp\/v2\/media?parent=53286"}],"wp:term":[{"taxonomy":"product_brand","embeddable":true,"href":"https:\/\/engel-kunst.com\/en\/wp-json\/wp\/v2\/product_brand?post=53286"},{"taxonomy":"product_cat","embeddable":true,"href":"https:\/\/engel-kunst.com\/en\/wp-json\/wp\/v2\/product_cat?post=53286"},{"taxonomy":"product_tag","embeddable":true,"href":"https:\/\/engel-kunst.com\/en\/wp-json\/wp\/v2\/product_tag?post=53286"}],"curies":[{"name":"wp","href":"https:\/\/api.w.org\/{rel}","templated":true}]}}