{"id":53293,"date":"2025-08-11T12:32:53","date_gmt":"2025-08-11T10:32:53","guid":{"rendered":"https:\/\/engel-kunst.com\/auktion-objekt\/kassung-heinz\/"},"modified":"2025-11-03T18:45:47","modified_gmt":"2025-11-03T17:45:47","slug":"kassung-heinz","status":"publish","type":"product","link":"https:\/\/engel-kunst.com\/en\/auktion-objekt\/kassung-heinz\/","title":{"rendered":"Kassung, Heinz"},"content":{"rendered":"<p>Kassung, Heinz<br \/>\n1935 Koblenz 2013; deut. Maler, Grafiker und Bildhauer. 1949-1952 Lehre als Schriften- und Dekorationsmaler. 1952-57 Studium an der Hochschule f\u00fcr Kunst und Design in K\u00f6ln. Meistersch\u00fcler von Prof. F. Vordemberge. Seit 1958 freischaffender K\u00fcnstler in Koblenz. Beteiligung an in- und ausl\u00e4ndischen Ausstellungen. Zahlreiche Arbeiten befinden sich im \u00f6ffentlichen Bereich und in- und ausl\u00e4ndischen Besitz. Ansicht von Koblenz von der Moselseite. Re. u. sign. HKassung. Mischtechnik\/Karton, 17 x 57 cm.<\/p>\n","protected":false},"excerpt":{"rendered":"<p>Kassung, Heinz<br \/>\n1935 Koblenz 2013; deut. Maler, Grafiker und Bildhauer. 1949-1952 Lehre als Schriften- und Dekorationsmaler. 1952-57 Studium an der Hochschule f\u00fcr Kunst und Design in K\u00f6ln. Meistersch\u00fcler von Prof. F. Vordemberge. Seit 1958 freischaffender K\u00fcnstler in Koblenz. Beteiligung an in- und ausl\u00e4ndischen Ausstellungen. Zahlreiche Arbeiten befinden sich im \u00f6ffentlichen Bereich und in- und ausl\u00e4ndischen Besitz. Ansicht von Koblenz von der Moselseite. Re. u. sign. HKassung. Mischtechnik\/Karton, 17 x 57 cm.<br \/>\n\u20ac 20<\/p>\n","protected":false},"featured_media":53294,"template":"","meta":{"_acf_changed":false,"_seopress_robots_primary_cat":"","_seopress_titles_title":"","_seopress_titles_desc":"","_seopress_robots_index":""},"product_brand":[],"product_cat":[80],"product_tag":[51],"class_list":{"0":"post-53293","1":"product","2":"type-product","3":"status-publish","4":"has-post-thumbnail","6":"auktion-versteigerung-150","7":"auktion-archiv","8":"product_cat-gemaelde-aquarelle-zeichnungen-20-bis-21-jahrhundert","9":"product_tag-schriftlich","10":"sales-flash-overlay","11":"woocommerce-text-align-left","12":"woocommerce-image-align-center","14":"first","15":"outofstock","16":"sold-individually","17":"purchasable","18":"product-type-simple"},"acf":[],"_links":{"self":[{"href":"https:\/\/engel-kunst.com\/en\/wp-json\/wp\/v2\/product\/53293","targetHints":{"allow":["GET"]}}],"collection":[{"href":"https:\/\/engel-kunst.com\/en\/wp-json\/wp\/v2\/product"}],"about":[{"href":"https:\/\/engel-kunst.com\/en\/wp-json\/wp\/v2\/types\/product"}],"wp:featuredmedia":[{"embeddable":true,"href":"https:\/\/engel-kunst.com\/en\/wp-json\/wp\/v2\/media\/53294"}],"wp:attachment":[{"href":"https:\/\/engel-kunst.com\/en\/wp-json\/wp\/v2\/media?parent=53293"}],"wp:term":[{"taxonomy":"product_brand","embeddable":true,"href":"https:\/\/engel-kunst.com\/en\/wp-json\/wp\/v2\/product_brand?post=53293"},{"taxonomy":"product_cat","embeddable":true,"href":"https:\/\/engel-kunst.com\/en\/wp-json\/wp\/v2\/product_cat?post=53293"},{"taxonomy":"product_tag","embeddable":true,"href":"https:\/\/engel-kunst.com\/en\/wp-json\/wp\/v2\/product_tag?post=53293"}],"curies":[{"name":"wp","href":"https:\/\/api.w.org\/{rel}","templated":true}]}}