{"id":53295,"date":"2025-08-11T12:32:53","date_gmt":"2025-08-11T10:32:53","guid":{"rendered":"https:\/\/engel-kunst.com\/auktion-objekt\/klever-julius-sergius-von\/"},"modified":"2025-11-03T18:45:48","modified_gmt":"2025-11-03T17:45:48","slug":"klever-julius-sergius-von","status":"publish","type":"product","link":"https:\/\/engel-kunst.com\/en\/auktion-objekt\/klever-julius-sergius-von\/","title":{"rendered":"Klever, Julius Sergius von"},"content":{"rendered":"<p>Klever, Julius Sergius von<br \/>\n1850 Dorpat &#8211; 1924 Leningrad; russ. Landschaftsmaler. Studium an der Kunstakad. in St. Petersburg. In den 1880er\/90er Jahren erfuhr Klever auf Ausstellungen in St. Petersburg, Berlin, M\u00fcnchen und Paris gro\u00dfe Beachtung und Anerkennung. 1881 erhielt er eine Professur an der Kunstakad. St. Petersburg. In seinen feinf\u00fchligen Landschaftsbildern finden sich oftmals Motive aus der baltischen Ostseeregion wieder. Mehrere seiner Gem\u00e4lde wurden von Mitgliedern der Zarenfamilie erworben. Zar Alexander III. ernennt ihn zum Kunstkommissar f\u00fcr die Weltausstellung 1885 in Antwerpen. 1888 wird von Klever auf der Berliner Kunstausstellung mit einer Goldmedaille geehrt und 1893 von Alexander III. in den erblichen Adelsstand erhoben. Das hier vorgestellte Gem\u00e4lde von 1903 stammt noch aus seiner Zeit in Russland, von wo er seinen Wohnsitz um 1905 nach Berlin verlegte. Waldlandschaft im Licht der untergehenden Sonne. Mi. u. kyrillisch sign., dat. 1903. \u00d6l\/Lwd., 88,5 x 68 cm. Vergoldeter Stuckr.. Provenienz: ehem. Kunstsalon Hermann Abels, K\u00f6ln, Sammlung Wilhelm Hack, K\u00f6ln. Hack war Stifter des Hackmuseums in Ludwigshafen. Hinweis: nur Selbstabholung oder Versand durch Spedition.<\/p>\n","protected":false},"excerpt":{"rendered":"<p>Klever, Julius Sergius von<br \/>\n1850 Dorpat &#8211; 1924 Leningrad; russ. Landschaftsmaler. Studium an der Kunstakad. in St. Petersburg. In den 1880er\/90er Jahren erfuhr Klever auf Ausstellungen in St. Petersburg, Berlin, M\u00fcnchen und Paris gro\u00dfe Beachtung und Anerkennung. 1881 erhielt er eine Professur an der Kunstakad. St. Petersburg. In seinen feinf\u00fchligen Landschaftsbildern finden sich oftmals Motive aus der baltischen Ostseeregion wieder. Mehrere seiner Gem\u00e4lde wurden von Mitgliedern der Zarenfamilie erworben. Zar Alexander III. ernennt ihn zum Kunstkommissar f\u00fcr die Weltausstellung 1885 in Antwerpen. 1888 wird von Klever auf der Berliner Kunstausstellung mit einer Goldmedaille geehrt und 1893 von Alexander III. in den erblichen Adelsstand erhoben. Das hier vorgestellte Gem\u00e4lde von 1903 stammt noch aus seiner Zeit in Russland, von wo er seinen Wohnsitz um 1905 nach Berlin verlegte. Waldlandschaft im Licht der untergehenden Sonne. Mi. u. kyrillisch sign., dat. 1903. \u00d6l\/Lwd., 88,5 x 68 cm. Vergoldeter Stuckr.. Provenienz: ehem. Kunstsalon Hermann Abels, K\u00f6ln, Sammlung Wilhelm Hack, K\u00f6ln. Hack war Stifter des Hackmuseums in Ludwigshafen. Hinweis: nur Selbstabholung oder Versand durch Spedition.<br \/>\n\u20ac 18000<\/p>\n","protected":false},"featured_media":53296,"template":"","meta":{"_acf_changed":false,"_seopress_robots_primary_cat":"none","_seopress_titles_title":"","_seopress_titles_desc":"","_seopress_robots_index":""},"product_brand":[],"product_cat":[80],"product_tag":[52],"class_list":{"0":"post-53295","1":"product","2":"type-product","3":"status-publish","4":"has-post-thumbnail","6":"auktion-versteigerung-150","7":"auktion-archiv","8":"product_cat-gemaelde-aquarelle-zeichnungen-20-bis-21-jahrhundert","9":"product_tag-telefon","10":"sales-flash-overlay","11":"woocommerce-text-align-left","12":"woocommerce-image-align-center","14":"first","15":"outofstock","16":"featured","17":"sold-individually","18":"purchasable","19":"product-type-simple"},"acf":[],"_links":{"self":[{"href":"https:\/\/engel-kunst.com\/en\/wp-json\/wp\/v2\/product\/53295","targetHints":{"allow":["GET"]}}],"collection":[{"href":"https:\/\/engel-kunst.com\/en\/wp-json\/wp\/v2\/product"}],"about":[{"href":"https:\/\/engel-kunst.com\/en\/wp-json\/wp\/v2\/types\/product"}],"wp:featuredmedia":[{"embeddable":true,"href":"https:\/\/engel-kunst.com\/en\/wp-json\/wp\/v2\/media\/53296"}],"wp:attachment":[{"href":"https:\/\/engel-kunst.com\/en\/wp-json\/wp\/v2\/media?parent=53295"}],"wp:term":[{"taxonomy":"product_brand","embeddable":true,"href":"https:\/\/engel-kunst.com\/en\/wp-json\/wp\/v2\/product_brand?post=53295"},{"taxonomy":"product_cat","embeddable":true,"href":"https:\/\/engel-kunst.com\/en\/wp-json\/wp\/v2\/product_cat?post=53295"},{"taxonomy":"product_tag","embeddable":true,"href":"https:\/\/engel-kunst.com\/en\/wp-json\/wp\/v2\/product_tag?post=53295"}],"curies":[{"name":"wp","href":"https:\/\/api.w.org\/{rel}","templated":true}]}}