{"id":53303,"date":"2025-08-11T12:33:00","date_gmt":"2025-08-11T10:33:00","guid":{"rendered":"https:\/\/engel-kunst.com\/auktion-objekt\/kohler-alfred-3\/"},"modified":"2025-11-03T18:45:48","modified_gmt":"2025-11-03T17:45:48","slug":"kohler-alfred-3","status":"publish","type":"product","link":"https:\/\/engel-kunst.com\/en\/auktion-objekt\/kohler-alfred-3\/","title":{"rendered":"Kohler, Alfred"},"content":{"rendered":"<p>Kohler, Alfred<br \/>\n1916 Schwabach 1984; deut. Landschafts-, Stillleben- und Bildnismaler. Besuch der N\u00fcrnberger Staatsschule f\u00fcr angewandte Kunst. Studium an der M\u00fcnchener Akad.. Berliner Tiergarten. Li. sign. Kohler. Aquarell\/Papier, ca. 62,5 x 47 cm (Bildausschnitt). Passepartout, vergl. R..<\/p>\n","protected":false},"excerpt":{"rendered":"<p>Kohler, Alfred<br \/>\n1916 Schwabach 1984; deut. Landschafts-, Stillleben- und Bildnismaler. Besuch der N\u00fcrnberger Staatsschule f\u00fcr angewandte Kunst. Studium an der M\u00fcnchener Akad.. Berliner Tiergarten. Li. sign. Kohler. Aquarell\/Papier, ca. 62,5 x 47 cm (Bildausschnitt). Passepartout, vergl. R..<br \/>\n\u20ac 90<\/p>\n","protected":false},"featured_media":53304,"template":"","meta":{"_acf_changed":false,"_seopress_robots_primary_cat":"","_seopress_titles_title":"","_seopress_titles_desc":"","_seopress_robots_index":""},"product_brand":[],"product_cat":[80],"product_tag":[51],"class_list":{"0":"post-53303","1":"product","2":"type-product","3":"status-publish","4":"has-post-thumbnail","6":"auktion-versteigerung-150","7":"auktion-archiv","8":"product_cat-gemaelde-aquarelle-zeichnungen-20-bis-21-jahrhundert","9":"product_tag-schriftlich","10":"sales-flash-overlay","11":"woocommerce-text-align-left","12":"woocommerce-image-align-center","14":"first","15":"outofstock","16":"sold-individually","17":"purchasable","18":"product-type-simple"},"acf":[],"_links":{"self":[{"href":"https:\/\/engel-kunst.com\/en\/wp-json\/wp\/v2\/product\/53303","targetHints":{"allow":["GET"]}}],"collection":[{"href":"https:\/\/engel-kunst.com\/en\/wp-json\/wp\/v2\/product"}],"about":[{"href":"https:\/\/engel-kunst.com\/en\/wp-json\/wp\/v2\/types\/product"}],"wp:featuredmedia":[{"embeddable":true,"href":"https:\/\/engel-kunst.com\/en\/wp-json\/wp\/v2\/media\/53304"}],"wp:attachment":[{"href":"https:\/\/engel-kunst.com\/en\/wp-json\/wp\/v2\/media?parent=53303"}],"wp:term":[{"taxonomy":"product_brand","embeddable":true,"href":"https:\/\/engel-kunst.com\/en\/wp-json\/wp\/v2\/product_brand?post=53303"},{"taxonomy":"product_cat","embeddable":true,"href":"https:\/\/engel-kunst.com\/en\/wp-json\/wp\/v2\/product_cat?post=53303"},{"taxonomy":"product_tag","embeddable":true,"href":"https:\/\/engel-kunst.com\/en\/wp-json\/wp\/v2\/product_tag?post=53303"}],"curies":[{"name":"wp","href":"https:\/\/api.w.org\/{rel}","templated":true}]}}