{"id":53323,"date":"2025-08-11T12:33:11","date_gmt":"2025-08-11T10:33:11","guid":{"rendered":"https:\/\/engel-kunst.com\/auktion-objekt\/malerin-20-jh-9\/"},"modified":"2025-11-03T18:45:53","modified_gmt":"2025-11-03T17:45:53","slug":"malerin-20-jh-9","status":"publish","type":"product","link":"https:\/\/engel-kunst.com\/en\/auktion-objekt\/malerin-20-jh-9\/","title":{"rendered":"Maler*in, 20. Jh."},"content":{"rendered":"<p>Maler*in, 20. Jh.<br \/>\nS\u00fcdliche K\u00fcstenlandschaft mit Fischerbooten und Eselskarren. Li. u. etwas unles. sign.. \u00d6l\/Lwd., 60,5 x 80,5 cm. R.. Hinweis: nur Selbstabholung oder Versand durch Spedition.<\/p>\n","protected":false},"excerpt":{"rendered":"<p>Maler*in, 20. Jh.<br \/>\nS\u00fcdliche K\u00fcstenlandschaft mit Fischerbooten und Eselskarren. Li. u. etwas unles. sign.. \u00d6l\/Lwd., 60,5 x 80,5 cm. R.. Hinweis: nur Selbstabholung oder Versand durch Spedition.<br \/>\n\u20ac 50<\/p>\n","protected":false},"featured_media":53324,"template":"","meta":{"_acf_changed":false,"_seopress_robots_primary_cat":"","_seopress_titles_title":"","_seopress_titles_desc":"","_seopress_robots_index":""},"product_brand":[],"product_cat":[80],"product_tag":[51],"class_list":{"0":"post-53323","1":"product","2":"type-product","3":"status-publish","4":"has-post-thumbnail","6":"auktion-versteigerung-150","7":"auktion-archiv","8":"product_cat-gemaelde-aquarelle-zeichnungen-20-bis-21-jahrhundert","9":"product_tag-schriftlich","10":"sales-flash-overlay","11":"woocommerce-text-align-left","12":"woocommerce-image-align-center","14":"first","15":"outofstock","16":"sold-individually","17":"purchasable","18":"product-type-simple"},"acf":[],"_links":{"self":[{"href":"https:\/\/engel-kunst.com\/en\/wp-json\/wp\/v2\/product\/53323","targetHints":{"allow":["GET"]}}],"collection":[{"href":"https:\/\/engel-kunst.com\/en\/wp-json\/wp\/v2\/product"}],"about":[{"href":"https:\/\/engel-kunst.com\/en\/wp-json\/wp\/v2\/types\/product"}],"wp:featuredmedia":[{"embeddable":true,"href":"https:\/\/engel-kunst.com\/en\/wp-json\/wp\/v2\/media\/53324"}],"wp:attachment":[{"href":"https:\/\/engel-kunst.com\/en\/wp-json\/wp\/v2\/media?parent=53323"}],"wp:term":[{"taxonomy":"product_brand","embeddable":true,"href":"https:\/\/engel-kunst.com\/en\/wp-json\/wp\/v2\/product_brand?post=53323"},{"taxonomy":"product_cat","embeddable":true,"href":"https:\/\/engel-kunst.com\/en\/wp-json\/wp\/v2\/product_cat?post=53323"},{"taxonomy":"product_tag","embeddable":true,"href":"https:\/\/engel-kunst.com\/en\/wp-json\/wp\/v2\/product_tag?post=53323"}],"curies":[{"name":"wp","href":"https:\/\/api.w.org\/{rel}","templated":true}]}}