{"id":53333,"date":"2025-08-11T12:33:16","date_gmt":"2025-08-11T10:33:16","guid":{"rendered":"https:\/\/engel-kunst.com\/auktion-objekt\/mannebach-p-2\/"},"modified":"2025-11-03T18:45:54","modified_gmt":"2025-11-03T17:45:54","slug":"mannebach-p-2","status":"publish","type":"product","link":"https:\/\/engel-kunst.com\/en\/auktion-objekt\/mannebach-p-2\/","title":{"rendered":"Mannebach, P."},"content":{"rendered":"<p>Mannebach, P.<br \/>\nDrei kleine Gem\u00e4lde: Soldatenszenen von der Front im I. Weltkrieg. Jeweils verso betit.: Morgen nach der Schlacht Somme 14.2.1917, Infr. geht von der Front zur\u00fcck 9.3.1917, V. Engl\u00e4nder auf dem Wege nach Le Mesniel 8.3.1917. Jeweils re. u. sign. P. Mannebach.   \u00d6l\/Karton, 14,2 x 9,5 cm, 14,2 x 9,5 cm, 8,5 x 16,8 cm. RR..<\/p>\n","protected":false},"excerpt":{"rendered":"<p>Mannebach, P.<br \/>\nDrei kleine Gem\u00e4lde: Soldatenszenen von der Front im I. Weltkrieg. Jeweils verso betit.: Morgen nach der Schlacht Somme 14.2.1917, Infr. geht von der Front zur\u00fcck 9.3.1917, V. Engl\u00e4nder auf dem Wege nach Le Mesniel 8.3.1917. Jeweils re. u. sign. P. Mannebach.   \u00d6l\/Karton, 14,2 x 9,5 cm, 14,2 x 9,5 cm, 8,5 x 16,8 cm. RR..<br \/>\n\u20ac 30<\/p>\n","protected":false},"featured_media":53334,"template":"","meta":{"_acf_changed":false,"_seopress_robots_primary_cat":"","_seopress_titles_title":"","_seopress_titles_desc":"","_seopress_robots_index":""},"product_brand":[],"product_cat":[80],"product_tag":[51],"class_list":{"0":"post-53333","1":"product","2":"type-product","3":"status-publish","4":"has-post-thumbnail","6":"auktion-versteigerung-150","7":"auktion-archiv","8":"product_cat-gemaelde-aquarelle-zeichnungen-20-bis-21-jahrhundert","9":"product_tag-schriftlich","10":"sales-flash-overlay","11":"woocommerce-text-align-left","12":"woocommerce-image-align-center","14":"first","15":"outofstock","16":"sold-individually","17":"purchasable","18":"product-type-simple"},"acf":[],"_links":{"self":[{"href":"https:\/\/engel-kunst.com\/en\/wp-json\/wp\/v2\/product\/53333","targetHints":{"allow":["GET"]}}],"collection":[{"href":"https:\/\/engel-kunst.com\/en\/wp-json\/wp\/v2\/product"}],"about":[{"href":"https:\/\/engel-kunst.com\/en\/wp-json\/wp\/v2\/types\/product"}],"wp:featuredmedia":[{"embeddable":true,"href":"https:\/\/engel-kunst.com\/en\/wp-json\/wp\/v2\/media\/53334"}],"wp:attachment":[{"href":"https:\/\/engel-kunst.com\/en\/wp-json\/wp\/v2\/media?parent=53333"}],"wp:term":[{"taxonomy":"product_brand","embeddable":true,"href":"https:\/\/engel-kunst.com\/en\/wp-json\/wp\/v2\/product_brand?post=53333"},{"taxonomy":"product_cat","embeddable":true,"href":"https:\/\/engel-kunst.com\/en\/wp-json\/wp\/v2\/product_cat?post=53333"},{"taxonomy":"product_tag","embeddable":true,"href":"https:\/\/engel-kunst.com\/en\/wp-json\/wp\/v2\/product_tag?post=53333"}],"curies":[{"name":"wp","href":"https:\/\/api.w.org\/{rel}","templated":true}]}}