{"id":53335,"date":"2025-08-11T12:33:16","date_gmt":"2025-08-11T10:33:16","guid":{"rendered":"https:\/\/engel-kunst.com\/auktion-objekt\/melsbach-friedrich\/"},"modified":"2025-11-03T18:45:55","modified_gmt":"2025-11-03T17:45:55","slug":"melsbach-friedrich","status":"publish","type":"product","link":"https:\/\/engel-kunst.com\/en\/auktion-objekt\/melsbach-friedrich\/","title":{"rendered":"Melsbach, Friedrich"},"content":{"rendered":"<p>Melsbach, Friedrich<br \/>\n1902 Rothwasser\/Kreis Malmedy &#8211; 1978 Koblenz; deut. Landschafts-, Architektur-, Stillleben- und Portraitmaler, Aquarellist, Grafiker. Sch\u00fcler von Prof. Ewald M\u00fcller, Studium an den K\u00f6lner Werkschulen. Seit 1937 Atelier f\u00fcr Werbegrafik und dekorative Malerei in Koblenz.<br \/>\nKastorkirche in Koblenz. Re. u. sign. Melsbach. Aquar. Tuschfederzeichnung\/Papier, ca. 41 x 33 cm (Bildausschnitt). Passepartout, vergl. R..<\/p>\n","protected":false},"excerpt":{"rendered":"<p>Melsbach, Friedrich<br \/>\n1902 Rothwasser\/Kreis Malmedy &#8211; 1978 Koblenz; deut. Landschafts-, Architektur-, Stillleben- und Portraitmaler, Aquarellist, Grafiker. Sch\u00fcler von Prof. Ewald M\u00fcller, Studium an den K\u00f6lner Werkschulen. Seit 1937 Atelier f\u00fcr Werbegrafik und dekorative Malerei in Koblenz.<br \/>\nKastorkirche in Koblenz. Re. u. sign. Melsbach. Aquar. Tuschfederzeichnung\/Papier, ca. 41 x 33 cm (Bildausschnitt). Passepartout, vergl. R..<br \/>\n\u20ac 35<\/p>\n","protected":false},"featured_media":53336,"template":"","meta":{"_acf_changed":false,"_seopress_robots_primary_cat":"","_seopress_titles_title":"","_seopress_titles_desc":"","_seopress_robots_index":""},"product_brand":[],"product_cat":[80],"product_tag":[51],"class_list":{"0":"post-53335","1":"product","2":"type-product","3":"status-publish","4":"has-post-thumbnail","6":"auktion-versteigerung-150","7":"auktion-archiv","8":"product_cat-gemaelde-aquarelle-zeichnungen-20-bis-21-jahrhundert","9":"product_tag-schriftlich","10":"sales-flash-overlay","11":"woocommerce-text-align-left","12":"woocommerce-image-align-center","14":"first","15":"outofstock","16":"sold-individually","17":"purchasable","18":"product-type-simple"},"acf":[],"_links":{"self":[{"href":"https:\/\/engel-kunst.com\/en\/wp-json\/wp\/v2\/product\/53335","targetHints":{"allow":["GET"]}}],"collection":[{"href":"https:\/\/engel-kunst.com\/en\/wp-json\/wp\/v2\/product"}],"about":[{"href":"https:\/\/engel-kunst.com\/en\/wp-json\/wp\/v2\/types\/product"}],"wp:featuredmedia":[{"embeddable":true,"href":"https:\/\/engel-kunst.com\/en\/wp-json\/wp\/v2\/media\/53336"}],"wp:attachment":[{"href":"https:\/\/engel-kunst.com\/en\/wp-json\/wp\/v2\/media?parent=53335"}],"wp:term":[{"taxonomy":"product_brand","embeddable":true,"href":"https:\/\/engel-kunst.com\/en\/wp-json\/wp\/v2\/product_brand?post=53335"},{"taxonomy":"product_cat","embeddable":true,"href":"https:\/\/engel-kunst.com\/en\/wp-json\/wp\/v2\/product_cat?post=53335"},{"taxonomy":"product_tag","embeddable":true,"href":"https:\/\/engel-kunst.com\/en\/wp-json\/wp\/v2\/product_tag?post=53335"}],"curies":[{"name":"wp","href":"https:\/\/api.w.org\/{rel}","templated":true}]}}