{"id":53361,"date":"2025-08-11T12:33:26","date_gmt":"2025-08-11T10:33:26","guid":{"rendered":"https:\/\/engel-kunst.com\/auktion-objekt\/schindehuette-albert-3\/"},"modified":"2025-11-03T18:45:59","modified_gmt":"2025-11-03T17:45:59","slug":"schindehuette-albert-3","status":"publish","type":"product","link":"https:\/\/engel-kunst.com\/en\/auktion-objekt\/schindehuette-albert-3\/","title":{"rendered":"Schindeh\u00fctte, Albert"},"content":{"rendered":"<p>Schindeh\u00fctte, Albert<br \/>\n*1939 Kassel; deut. Grafiker und Zeichner. Grafikstudium an der Werkkunstschule in Kassel. Guten Morgen 1 Dornr\u00f6schen f\u00fcr Ulla. Re. u. sign. Schindeh\u00fctte, dat. (19)84, betit.. Bleistift\/Papier, Bl. ca. 15,2 x 20,4 cm (Ausschnitt). Vergl. R..<\/p>\n","protected":false},"excerpt":{"rendered":"<p>Schindeh\u00fctte, Albert<br \/>\n*1939 Kassel; deut. Grafiker und Zeichner. Grafikstudium an der Werkkunstschule in Kassel. Guten Morgen 1 Dornr\u00f6schen f\u00fcr Ulla. Re. u. sign. Schindeh\u00fctte, dat. (19)84, betit.. Bleistift\/Papier, Bl. ca. 15,2 x 20,4 cm (Ausschnitt). Vergl. R..<br \/>\n\u20ac 25<\/p>\n","protected":false},"featured_media":53362,"template":"","meta":{"_acf_changed":false,"_seopress_robots_primary_cat":"","_seopress_titles_title":"","_seopress_titles_desc":"","_seopress_robots_index":""},"product_brand":[],"product_cat":[80],"product_tag":[51],"class_list":{"0":"post-53361","1":"product","2":"type-product","3":"status-publish","4":"has-post-thumbnail","6":"auktion-versteigerung-150","7":"auktion-archiv","8":"product_cat-gemaelde-aquarelle-zeichnungen-20-bis-21-jahrhundert","9":"product_tag-schriftlich","10":"sales-flash-overlay","11":"woocommerce-text-align-left","12":"woocommerce-image-align-center","14":"first","15":"outofstock","16":"sold-individually","17":"purchasable","18":"product-type-simple"},"acf":[],"_links":{"self":[{"href":"https:\/\/engel-kunst.com\/en\/wp-json\/wp\/v2\/product\/53361","targetHints":{"allow":["GET"]}}],"collection":[{"href":"https:\/\/engel-kunst.com\/en\/wp-json\/wp\/v2\/product"}],"about":[{"href":"https:\/\/engel-kunst.com\/en\/wp-json\/wp\/v2\/types\/product"}],"wp:featuredmedia":[{"embeddable":true,"href":"https:\/\/engel-kunst.com\/en\/wp-json\/wp\/v2\/media\/53362"}],"wp:attachment":[{"href":"https:\/\/engel-kunst.com\/en\/wp-json\/wp\/v2\/media?parent=53361"}],"wp:term":[{"taxonomy":"product_brand","embeddable":true,"href":"https:\/\/engel-kunst.com\/en\/wp-json\/wp\/v2\/product_brand?post=53361"},{"taxonomy":"product_cat","embeddable":true,"href":"https:\/\/engel-kunst.com\/en\/wp-json\/wp\/v2\/product_cat?post=53361"},{"taxonomy":"product_tag","embeddable":true,"href":"https:\/\/engel-kunst.com\/en\/wp-json\/wp\/v2\/product_tag?post=53361"}],"curies":[{"name":"wp","href":"https:\/\/api.w.org\/{rel}","templated":true}]}}