{"id":53363,"date":"2025-08-11T12:33:32","date_gmt":"2025-08-11T10:33:32","guid":{"rendered":"https:\/\/engel-kunst.com\/auktion-objekt\/schmitz-kaiser-friedrich\/"},"modified":"2025-11-03T18:46:01","modified_gmt":"2025-11-03T17:46:01","slug":"schmitz-kaiser-friedrich","status":"publish","type":"product","link":"https:\/\/engel-kunst.com\/en\/auktion-objekt\/schmitz-kaiser-friedrich\/","title":{"rendered":"Schmitz-Kaiser, Friedrich"},"content":{"rendered":"<p>Schmitz-Kaiser, Friedrich<br \/>\n*1926 D\u00fcsseldorf; deut. Bildnis- und Genremaler. Holl\u00e4nderin in den D\u00fcnen vor der K\u00fcste. Re. u. sign. Schmitz-Kaiser. \u00d6l\/Lwd., 80,5 x 70,5 cm. R.. Hinweis: nur Selbstabholung oder Versand durch Spedition.<\/p>\n","protected":false},"excerpt":{"rendered":"<p>Schmitz-Kaiser, Friedrich<br \/>\n*1926 D\u00fcsseldorf; deut. Bildnis- und Genremaler. Holl\u00e4nderin in den D\u00fcnen vor der K\u00fcste. Re. u. sign. Schmitz-Kaiser. \u00d6l\/Lwd., 80,5 x 70,5 cm. R.. Hinweis: nur Selbstabholung oder Versand durch Spedition.<br \/>\n\u20ac 200<\/p>\n","protected":false},"featured_media":53364,"template":"","meta":{"_acf_changed":false,"_seopress_robots_primary_cat":"","_seopress_titles_title":"","_seopress_titles_desc":"","_seopress_robots_index":""},"product_brand":[],"product_cat":[80],"product_tag":[51],"class_list":{"0":"post-53363","1":"product","2":"type-product","3":"status-publish","4":"has-post-thumbnail","6":"auktion-versteigerung-150","7":"auktion-archiv","8":"product_cat-gemaelde-aquarelle-zeichnungen-20-bis-21-jahrhundert","9":"product_tag-schriftlich","10":"sales-flash-overlay","11":"woocommerce-text-align-left","12":"woocommerce-image-align-center","14":"first","15":"outofstock","16":"sold-individually","17":"purchasable","18":"product-type-simple"},"acf":[],"_links":{"self":[{"href":"https:\/\/engel-kunst.com\/en\/wp-json\/wp\/v2\/product\/53363","targetHints":{"allow":["GET"]}}],"collection":[{"href":"https:\/\/engel-kunst.com\/en\/wp-json\/wp\/v2\/product"}],"about":[{"href":"https:\/\/engel-kunst.com\/en\/wp-json\/wp\/v2\/types\/product"}],"wp:featuredmedia":[{"embeddable":true,"href":"https:\/\/engel-kunst.com\/en\/wp-json\/wp\/v2\/media\/53364"}],"wp:attachment":[{"href":"https:\/\/engel-kunst.com\/en\/wp-json\/wp\/v2\/media?parent=53363"}],"wp:term":[{"taxonomy":"product_brand","embeddable":true,"href":"https:\/\/engel-kunst.com\/en\/wp-json\/wp\/v2\/product_brand?post=53363"},{"taxonomy":"product_cat","embeddable":true,"href":"https:\/\/engel-kunst.com\/en\/wp-json\/wp\/v2\/product_cat?post=53363"},{"taxonomy":"product_tag","embeddable":true,"href":"https:\/\/engel-kunst.com\/en\/wp-json\/wp\/v2\/product_tag?post=53363"}],"curies":[{"name":"wp","href":"https:\/\/api.w.org\/{rel}","templated":true}]}}