{"id":53367,"date":"2025-08-11T12:33:32","date_gmt":"2025-08-11T10:33:32","guid":{"rendered":"https:\/\/engel-kunst.com\/auktion-objekt\/sprung-hanns\/"},"modified":"2025-11-03T18:46:01","modified_gmt":"2025-11-03T17:46:01","slug":"sprung-hanns","status":"publish","type":"product","link":"https:\/\/engel-kunst.com\/en\/auktion-objekt\/sprung-hanns\/","title":{"rendered":"Sprung, Hanns"},"content":{"rendered":"<p>Sprung, Hanns<br \/>\n1884 Koblenz &#8211; 1948 Bendorf; deut. Landschafts-, Stillleben- und Bildnismaler und Grafiker. Erster Unterricht im Zeichnen durch den Maler und Zeichenlehrer Wilhelm Straube. 1903\/05 Studium an der D\u00fcsseldorfer Akad., 1906\/10 an der Akad. in Karlsruhe, Meistersch\u00fcler Schmidt-Reuttes und Wilhelm Tr\u00fcbners. 1910 Italienreise, Aufenthalt auf Capri. Im gleichen Jahr Ausstellung im Kunstverein Karlsruhe und in Baden-Baden. Mitglied der Badener K\u00fcnstlervereinigung Pinsel. 1912 Ausstellung im Kunstverein Hannover. 1913 mit vier Arbeiten an einer Wanderausstellung durch Amerika vertreten. Das Museum in Philadelphia erwirbt ein Bild. 1914 Ausstellung im K\u00f6lner Kunstverein. 1922 Gr\u00fcndung der K\u00fcnstlerschaft &#8216;Das Boot&#8217;. Paris, Rue Madeleine. Li. u. sign. H. Sprung, dat. Paris 1928. \u00d6l\/Lwd., 73 x 60 cm. R.. Lit.: Katalog Ausstellung Schloss Koblenz 1958, Nr. 43, Abb. 13.<\/p>\n","protected":false},"excerpt":{"rendered":"<p>Sprung, Hanns<br \/>\n1884 Koblenz &#8211; 1948 Bendorf; deut. Landschafts-, Stillleben- und Bildnismaler und Grafiker. Erster Unterricht im Zeichnen durch den Maler und Zeichenlehrer Wilhelm Straube. 1903\/05 Studium an der D\u00fcsseldorfer Akad., 1906\/10 an der Akad. in Karlsruhe, Meistersch\u00fcler Schmidt-Reuttes und Wilhelm Tr\u00fcbners. 1910 Italienreise, Aufenthalt auf Capri. Im gleichen Jahr Ausstellung im Kunstverein Karlsruhe und in Baden-Baden. Mitglied der Badener K\u00fcnstlervereinigung Pinsel. 1912 Ausstellung im Kunstverein Hannover. 1913 mit vier Arbeiten an einer Wanderausstellung durch Amerika vertreten. Das Museum in Philadelphia erwirbt ein Bild. 1914 Ausstellung im K\u00f6lner Kunstverein. 1922 Gr\u00fcndung der K\u00fcnstlerschaft &#8216;Das Boot&#8217;. Paris, Rue Madeleine. Li. u. sign. H. Sprung, dat. Paris 1928. \u00d6l\/Lwd., 73 x 60 cm. R.. Lit.: Katalog Ausstellung Schloss Koblenz 1958, Nr. 43, Abb. 13.<br \/>\n\u20ac 1800<\/p>\n","protected":false},"featured_media":53368,"template":"","meta":{"_acf_changed":false,"_seopress_robots_primary_cat":"","_seopress_titles_title":"","_seopress_titles_desc":"","_seopress_robots_index":""},"product_brand":[],"product_cat":[80],"product_tag":[52],"class_list":{"0":"post-53367","1":"product","2":"type-product","3":"status-publish","4":"has-post-thumbnail","6":"auktion-versteigerung-150","7":"auktion-archiv","8":"product_cat-gemaelde-aquarelle-zeichnungen-20-bis-21-jahrhundert","9":"product_tag-telefon","10":"sales-flash-overlay","11":"woocommerce-text-align-left","12":"woocommerce-image-align-center","14":"first","15":"outofstock","16":"featured","17":"sold-individually","18":"purchasable","19":"product-type-simple"},"acf":[],"_links":{"self":[{"href":"https:\/\/engel-kunst.com\/en\/wp-json\/wp\/v2\/product\/53367","targetHints":{"allow":["GET"]}}],"collection":[{"href":"https:\/\/engel-kunst.com\/en\/wp-json\/wp\/v2\/product"}],"about":[{"href":"https:\/\/engel-kunst.com\/en\/wp-json\/wp\/v2\/types\/product"}],"wp:featuredmedia":[{"embeddable":true,"href":"https:\/\/engel-kunst.com\/en\/wp-json\/wp\/v2\/media\/53368"}],"wp:attachment":[{"href":"https:\/\/engel-kunst.com\/en\/wp-json\/wp\/v2\/media?parent=53367"}],"wp:term":[{"taxonomy":"product_brand","embeddable":true,"href":"https:\/\/engel-kunst.com\/en\/wp-json\/wp\/v2\/product_brand?post=53367"},{"taxonomy":"product_cat","embeddable":true,"href":"https:\/\/engel-kunst.com\/en\/wp-json\/wp\/v2\/product_cat?post=53367"},{"taxonomy":"product_tag","embeddable":true,"href":"https:\/\/engel-kunst.com\/en\/wp-json\/wp\/v2\/product_tag?post=53367"}],"curies":[{"name":"wp","href":"https:\/\/api.w.org\/{rel}","templated":true}]}}