{"id":53374,"date":"2025-08-11T12:33:38","date_gmt":"2025-08-11T10:33:38","guid":{"rendered":"https:\/\/engel-kunst.com\/auktion-objekt\/stuckert-rudolf-2\/"},"modified":"2025-11-03T18:46:02","modified_gmt":"2025-11-03T17:46:02","slug":"stuckert-rudolf-2","status":"publish","type":"product","link":"https:\/\/engel-kunst.com\/en\/auktion-objekt\/stuckert-rudolf-2\/","title":{"rendered":"Stuckert, Rudolf"},"content":{"rendered":"<p>Stuckert, Rudolf<br \/>\n1912 Hilden &#8211; 2002 Bettnang; deut. Maler und Galerist. Studium an den Akad. in Kassel und D\u00fcsseldorf. Meistersch\u00fcler bei Oskar Moll. 1949 Mitbegr\u00fcnder der Neuen Rheinischen Sezession in D\u00fcsseldorf. S\u00fcdliche Landschaft mit H\u00e4usern. Re. u. sign. Stuckert, dat. (19)53. Aquarell\/Papier, ca. 23 x 29,5 cm (Bildausschnitt). Passepartout, vergl. R..<\/p>\n","protected":false},"excerpt":{"rendered":"<p>Stuckert, Rudolf<br \/>\n1912 Hilden &#8211; 2002 Bettnang; deut. Maler und Galerist. Studium an den Akad. in Kassel und D\u00fcsseldorf. Meistersch\u00fcler bei Oskar Moll. 1949 Mitbegr\u00fcnder der Neuen Rheinischen Sezession in D\u00fcsseldorf. S\u00fcdliche Landschaft mit H\u00e4usern. Re. u. sign. Stuckert, dat. (19)53. Aquarell\/Papier, ca. 23 x 29,5 cm (Bildausschnitt). Passepartout, vergl. R..<br \/>\n\u20ac 140<\/p>\n","protected":false},"featured_media":53375,"template":"","meta":{"_acf_changed":false,"_seopress_robots_primary_cat":"none","_seopress_titles_title":"","_seopress_titles_desc":"","_seopress_robots_index":""},"product_brand":[],"product_cat":[80],"product_tag":[51],"class_list":{"0":"post-53374","1":"product","2":"type-product","3":"status-publish","4":"has-post-thumbnail","6":"auktion-versteigerung-150","7":"auktion-archiv","8":"product_cat-gemaelde-aquarelle-zeichnungen-20-bis-21-jahrhundert","9":"product_tag-schriftlich","10":"sales-flash-overlay","11":"woocommerce-text-align-left","12":"woocommerce-image-align-center","14":"first","15":"outofstock","16":"sold-individually","17":"purchasable","18":"product-type-simple"},"acf":[],"_links":{"self":[{"href":"https:\/\/engel-kunst.com\/en\/wp-json\/wp\/v2\/product\/53374","targetHints":{"allow":["GET"]}}],"collection":[{"href":"https:\/\/engel-kunst.com\/en\/wp-json\/wp\/v2\/product"}],"about":[{"href":"https:\/\/engel-kunst.com\/en\/wp-json\/wp\/v2\/types\/product"}],"wp:featuredmedia":[{"embeddable":true,"href":"https:\/\/engel-kunst.com\/en\/wp-json\/wp\/v2\/media\/53375"}],"wp:attachment":[{"href":"https:\/\/engel-kunst.com\/en\/wp-json\/wp\/v2\/media?parent=53374"}],"wp:term":[{"taxonomy":"product_brand","embeddable":true,"href":"https:\/\/engel-kunst.com\/en\/wp-json\/wp\/v2\/product_brand?post=53374"},{"taxonomy":"product_cat","embeddable":true,"href":"https:\/\/engel-kunst.com\/en\/wp-json\/wp\/v2\/product_cat?post=53374"},{"taxonomy":"product_tag","embeddable":true,"href":"https:\/\/engel-kunst.com\/en\/wp-json\/wp\/v2\/product_tag?post=53374"}],"curies":[{"name":"wp","href":"https:\/\/api.w.org\/{rel}","templated":true}]}}