{"id":53403,"date":"2025-08-11T12:33:52","date_gmt":"2025-08-11T10:33:52","guid":{"rendered":"https:\/\/engel-kunst.com\/auktion-objekt\/konvolut-138\/"},"modified":"2025-11-03T18:46:06","modified_gmt":"2025-11-03T17:46:06","slug":"konvolut-138","status":"publish","type":"product","link":"https:\/\/engel-kunst.com\/en\/auktion-objekt\/konvolut-138\/","title":{"rendered":"Konvolut"},"content":{"rendered":"<p>Konvolut<br \/>\nSchreibger\u00e4te von Montblanc: 1 Kolbenf\u00fcllfederhalter mit Goldfeder 585, 1 Patronenf\u00fcllfederhalter, 1 Drehbleistift. Dazu ein braunes Lederetui von Montblanc.<\/p>\n","protected":false},"excerpt":{"rendered":"<p>Konvolut<br \/>\nSchreibger\u00e4te von Montblanc: 1 Kolbenf\u00fcllfederhalter mit Goldfeder 585, 1 Patronenf\u00fcllfederhalter, 1 Drehbleistift. Dazu ein braunes Lederetui von Montblanc.<br \/>\n\u20ac 10<\/p>\n","protected":false},"featured_media":53404,"template":"","meta":{"_acf_changed":false,"_seopress_robots_primary_cat":"","_seopress_titles_title":"","_seopress_titles_desc":"","_seopress_robots_index":""},"product_brand":[],"product_cat":[47],"product_tag":[51],"class_list":{"0":"post-53403","1":"product","2":"type-product","3":"status-publish","4":"has-post-thumbnail","6":"auktion-versteigerung-150","7":"auktion-archiv","8":"product_cat-varia","9":"product_tag-schriftlich","10":"sales-flash-overlay","11":"woocommerce-text-align-left","12":"woocommerce-image-align-center","14":"first","15":"outofstock","16":"sold-individually","17":"purchasable","18":"product-type-simple"},"acf":[],"_links":{"self":[{"href":"https:\/\/engel-kunst.com\/en\/wp-json\/wp\/v2\/product\/53403","targetHints":{"allow":["GET"]}}],"collection":[{"href":"https:\/\/engel-kunst.com\/en\/wp-json\/wp\/v2\/product"}],"about":[{"href":"https:\/\/engel-kunst.com\/en\/wp-json\/wp\/v2\/types\/product"}],"wp:featuredmedia":[{"embeddable":true,"href":"https:\/\/engel-kunst.com\/en\/wp-json\/wp\/v2\/media\/53404"}],"wp:attachment":[{"href":"https:\/\/engel-kunst.com\/en\/wp-json\/wp\/v2\/media?parent=53403"}],"wp:term":[{"taxonomy":"product_brand","embeddable":true,"href":"https:\/\/engel-kunst.com\/en\/wp-json\/wp\/v2\/product_brand?post=53403"},{"taxonomy":"product_cat","embeddable":true,"href":"https:\/\/engel-kunst.com\/en\/wp-json\/wp\/v2\/product_cat?post=53403"},{"taxonomy":"product_tag","embeddable":true,"href":"https:\/\/engel-kunst.com\/en\/wp-json\/wp\/v2\/product_tag?post=53403"}],"curies":[{"name":"wp","href":"https:\/\/api.w.org\/{rel}","templated":true}]}}