{"id":53429,"date":"2025-08-11T12:34:09","date_gmt":"2025-08-11T10:34:09","guid":{"rendered":"https:\/\/engel-kunst.com\/auktion-objekt\/grosser-pflanzkuebel\/"},"modified":"2025-11-03T18:46:12","modified_gmt":"2025-11-03T17:46:12","slug":"grosser-pflanzkuebel","status":"publish","type":"product","link":"https:\/\/engel-kunst.com\/en\/auktion-objekt\/grosser-pflanzkuebel\/","title":{"rendered":"Gro\u00dfer Pflanzk\u00fcbel"},"content":{"rendered":"<p>Gro\u00dfer Pflanzk\u00fcbel<br \/>\nForm einer Kratervase. Schwerer Eisenguss, gr\u00fcner \u00d6lfarbenanstrich und Goldbronze. H 76,5 cm, D 55 cm. Hinweis: nur Selbstabholung oder Versand durch Spedition.<\/p>\n","protected":false},"excerpt":{"rendered":"<p>Gro\u00dfer Pflanzk\u00fcbel<br \/>\nForm einer Kratervase. Schwerer Eisenguss, gr\u00fcner \u00d6lfarbenanstrich und Goldbronze. H 76,5 cm, D 55 cm. Hinweis: nur Selbstabholung oder Versand durch Spedition.<br \/>\n\u20ac 300<\/p>\n","protected":false},"featured_media":53430,"template":"","meta":{"_acf_changed":false,"_seopress_robots_primary_cat":"","_seopress_titles_title":"","_seopress_titles_desc":"","_seopress_robots_index":""},"product_brand":[],"product_cat":[47],"product_tag":[52],"class_list":{"0":"post-53429","1":"product","2":"type-product","3":"status-publish","4":"has-post-thumbnail","6":"auktion-versteigerung-150","7":"auktion-archiv","8":"product_cat-varia","9":"product_tag-telefon","10":"sales-flash-overlay","11":"woocommerce-text-align-left","12":"woocommerce-image-align-center","14":"first","15":"outofstock","16":"sold-individually","17":"purchasable","18":"product-type-simple"},"acf":[],"_links":{"self":[{"href":"https:\/\/engel-kunst.com\/en\/wp-json\/wp\/v2\/product\/53429","targetHints":{"allow":["GET"]}}],"collection":[{"href":"https:\/\/engel-kunst.com\/en\/wp-json\/wp\/v2\/product"}],"about":[{"href":"https:\/\/engel-kunst.com\/en\/wp-json\/wp\/v2\/types\/product"}],"wp:featuredmedia":[{"embeddable":true,"href":"https:\/\/engel-kunst.com\/en\/wp-json\/wp\/v2\/media\/53430"}],"wp:attachment":[{"href":"https:\/\/engel-kunst.com\/en\/wp-json\/wp\/v2\/media?parent=53429"}],"wp:term":[{"taxonomy":"product_brand","embeddable":true,"href":"https:\/\/engel-kunst.com\/en\/wp-json\/wp\/v2\/product_brand?post=53429"},{"taxonomy":"product_cat","embeddable":true,"href":"https:\/\/engel-kunst.com\/en\/wp-json\/wp\/v2\/product_cat?post=53429"},{"taxonomy":"product_tag","embeddable":true,"href":"https:\/\/engel-kunst.com\/en\/wp-json\/wp\/v2\/product_tag?post=53429"}],"curies":[{"name":"wp","href":"https:\/\/api.w.org\/{rel}","templated":true}]}}