{"id":53441,"date":"2025-08-11T12:34:14","date_gmt":"2025-08-11T10:34:14","guid":{"rendered":"https:\/\/engel-kunst.com\/auktion-objekt\/deckeldose-10\/"},"modified":"2025-11-03T18:46:14","modified_gmt":"2025-11-03T17:46:14","slug":"deckeldose-10","status":"publish","type":"product","link":"https:\/\/engel-kunst.com\/en\/auktion-objekt\/deckeldose-10\/","title":{"rendered":"Deckeldose"},"content":{"rendered":"<p>Deckeldose<br \/>\nArt D\u00e9co. Holz, dekoratives Furniermuster aus verschiedenen H\u00f6lzern. Quadratische Form, Leistenf\u00fc\u00dfe, konischer, kantiger Deckelgriff. L\/B 21,2 cm, H 16 cm. Gebrauchsspuren, auf dem Deckelgriff etwas fehlendes Furnier.<\/p>\n","protected":false},"excerpt":{"rendered":"<p>Deckeldose<br \/>\nArt D\u00e9co. Holz, dekoratives Furniermuster aus verschiedenen H\u00f6lzern. Quadratische Form, Leistenf\u00fc\u00dfe, konischer, kantiger Deckelgriff. L\/B 21,2 cm, H 16 cm. Gebrauchsspuren, auf dem Deckelgriff etwas fehlendes Furnier.<br \/>\n\u20ac 15<\/p>\n","protected":false},"featured_media":53442,"template":"","meta":{"_acf_changed":false,"_seopress_robots_primary_cat":"","_seopress_titles_title":"","_seopress_titles_desc":"","_seopress_robots_index":""},"product_brand":[],"product_cat":[47],"product_tag":[51],"class_list":{"0":"post-53441","1":"product","2":"type-product","3":"status-publish","4":"has-post-thumbnail","6":"auktion-versteigerung-150","7":"auktion-archiv","8":"product_cat-varia","9":"product_tag-schriftlich","10":"sales-flash-overlay","11":"woocommerce-text-align-left","12":"woocommerce-image-align-center","14":"first","15":"outofstock","16":"sold-individually","17":"purchasable","18":"product-type-simple"},"acf":[],"_links":{"self":[{"href":"https:\/\/engel-kunst.com\/en\/wp-json\/wp\/v2\/product\/53441","targetHints":{"allow":["GET"]}}],"collection":[{"href":"https:\/\/engel-kunst.com\/en\/wp-json\/wp\/v2\/product"}],"about":[{"href":"https:\/\/engel-kunst.com\/en\/wp-json\/wp\/v2\/types\/product"}],"wp:featuredmedia":[{"embeddable":true,"href":"https:\/\/engel-kunst.com\/en\/wp-json\/wp\/v2\/media\/53442"}],"wp:attachment":[{"href":"https:\/\/engel-kunst.com\/en\/wp-json\/wp\/v2\/media?parent=53441"}],"wp:term":[{"taxonomy":"product_brand","embeddable":true,"href":"https:\/\/engel-kunst.com\/en\/wp-json\/wp\/v2\/product_brand?post=53441"},{"taxonomy":"product_cat","embeddable":true,"href":"https:\/\/engel-kunst.com\/en\/wp-json\/wp\/v2\/product_cat?post=53441"},{"taxonomy":"product_tag","embeddable":true,"href":"https:\/\/engel-kunst.com\/en\/wp-json\/wp\/v2\/product_tag?post=53441"}],"curies":[{"name":"wp","href":"https:\/\/api.w.org\/{rel}","templated":true}]}}