{"id":53443,"date":"2025-08-11T12:34:14","date_gmt":"2025-08-11T10:34:14","guid":{"rendered":"https:\/\/engel-kunst.com\/auktion-objekt\/deckelkasten-2\/"},"modified":"2025-11-03T18:46:14","modified_gmt":"2025-11-03T17:46:14","slug":"deckelkasten-2","status":"publish","type":"product","link":"https:\/\/engel-kunst.com\/en\/auktion-objekt\/deckelkasten-2\/","title":{"rendered":"Deckelkasten"},"content":{"rendered":"<p>Deckelkasten<br \/>\nArt D\u00e9co. Holz, furniert. Ausges\u00e4gte Zargenf\u00fc\u00dfe, w\u00fcrfelf\u00f6rmiger Deckelknauf. Schloss, der Schl\u00fcssel fehlt. L 54,3 cm, B 36 cm, H 33 cm. Gebrauchsspuren, stellenweise etwas fehlendes Furnier.<\/p>\n","protected":false},"excerpt":{"rendered":"<p>Deckelkasten<br \/>\nArt D\u00e9co. Holz, furniert. Ausges\u00e4gte Zargenf\u00fc\u00dfe, w\u00fcrfelf\u00f6rmiger Deckelknauf. Schloss, der Schl\u00fcssel fehlt. L 54,3 cm, B 36 cm, H 33 cm. Gebrauchsspuren, stellenweise etwas fehlendes Furnier.<br \/>\n\u20ac 25<\/p>\n","protected":false},"featured_media":53444,"template":"","meta":{"_acf_changed":false,"_seopress_robots_primary_cat":"","_seopress_titles_title":"","_seopress_titles_desc":"","_seopress_robots_index":""},"product_brand":[],"product_cat":[47],"product_tag":[51],"class_list":{"0":"post-53443","1":"product","2":"type-product","3":"status-publish","4":"has-post-thumbnail","6":"auktion-versteigerung-150","7":"auktion-archiv","8":"product_cat-varia","9":"product_tag-schriftlich","10":"sales-flash-overlay","11":"woocommerce-text-align-left","12":"woocommerce-image-align-center","14":"first","15":"outofstock","16":"sold-individually","17":"purchasable","18":"product-type-simple"},"acf":[],"_links":{"self":[{"href":"https:\/\/engel-kunst.com\/en\/wp-json\/wp\/v2\/product\/53443","targetHints":{"allow":["GET"]}}],"collection":[{"href":"https:\/\/engel-kunst.com\/en\/wp-json\/wp\/v2\/product"}],"about":[{"href":"https:\/\/engel-kunst.com\/en\/wp-json\/wp\/v2\/types\/product"}],"wp:featuredmedia":[{"embeddable":true,"href":"https:\/\/engel-kunst.com\/en\/wp-json\/wp\/v2\/media\/53444"}],"wp:attachment":[{"href":"https:\/\/engel-kunst.com\/en\/wp-json\/wp\/v2\/media?parent=53443"}],"wp:term":[{"taxonomy":"product_brand","embeddable":true,"href":"https:\/\/engel-kunst.com\/en\/wp-json\/wp\/v2\/product_brand?post=53443"},{"taxonomy":"product_cat","embeddable":true,"href":"https:\/\/engel-kunst.com\/en\/wp-json\/wp\/v2\/product_cat?post=53443"},{"taxonomy":"product_tag","embeddable":true,"href":"https:\/\/engel-kunst.com\/en\/wp-json\/wp\/v2\/product_tag?post=53443"}],"curies":[{"name":"wp","href":"https:\/\/api.w.org\/{rel}","templated":true}]}}