{"id":53456,"date":"2025-08-11T12:34:26","date_gmt":"2025-08-11T10:34:26","guid":{"rendered":"https:\/\/engel-kunst.com\/auktion-objekt\/konvolut-140\/"},"modified":"2025-11-03T18:46:17","modified_gmt":"2025-11-03T17:46:17","slug":"konvolut-140","status":"publish","type":"product","link":"https:\/\/engel-kunst.com\/en\/auktion-objekt\/konvolut-140\/","title":{"rendered":"Konvolut"},"content":{"rendered":"<p>Konvolut<br \/>\n1 Deckelk\u00e4stchen, Holz geschnitzt, Deckelscharnier etwas lose. 6,5 x 3,7 x 2,3 cm. 1  Beutelt\u00e4schchen. Au\u00dfen schwarzes, innen rotes Leder, Metallmontierungen. Ca. 6,5 x 7 cm.<\/p>\n","protected":false},"excerpt":{"rendered":"<p>Konvolut<br \/>\n1 Deckelk\u00e4stchen, Holz geschnitzt, Deckelscharnier etwas lose. 6,5 x 3,7 x 2,3 cm. 1  Beutelt\u00e4schchen. Au\u00dfen schwarzes, innen rotes Leder, Metallmontierungen. Ca. 6,5 x 7 cm.<br \/>\n\u20ac 10<\/p>\n","protected":false},"featured_media":53457,"template":"","meta":{"_acf_changed":false,"_seopress_robots_primary_cat":"","_seopress_titles_title":"","_seopress_titles_desc":"","_seopress_robots_index":""},"product_brand":[],"product_cat":[47],"product_tag":[51],"class_list":{"0":"post-53456","1":"product","2":"type-product","3":"status-publish","4":"has-post-thumbnail","6":"auktion-versteigerung-150","7":"auktion-archiv","8":"product_cat-varia","9":"product_tag-schriftlich","10":"sales-flash-overlay","11":"woocommerce-text-align-left","12":"woocommerce-image-align-center","14":"first","15":"outofstock","16":"sold-individually","17":"purchasable","18":"product-type-simple"},"acf":[],"_links":{"self":[{"href":"https:\/\/engel-kunst.com\/en\/wp-json\/wp\/v2\/product\/53456","targetHints":{"allow":["GET"]}}],"collection":[{"href":"https:\/\/engel-kunst.com\/en\/wp-json\/wp\/v2\/product"}],"about":[{"href":"https:\/\/engel-kunst.com\/en\/wp-json\/wp\/v2\/types\/product"}],"wp:featuredmedia":[{"embeddable":true,"href":"https:\/\/engel-kunst.com\/en\/wp-json\/wp\/v2\/media\/53457"}],"wp:attachment":[{"href":"https:\/\/engel-kunst.com\/en\/wp-json\/wp\/v2\/media?parent=53456"}],"wp:term":[{"taxonomy":"product_brand","embeddable":true,"href":"https:\/\/engel-kunst.com\/en\/wp-json\/wp\/v2\/product_brand?post=53456"},{"taxonomy":"product_cat","embeddable":true,"href":"https:\/\/engel-kunst.com\/en\/wp-json\/wp\/v2\/product_cat?post=53456"},{"taxonomy":"product_tag","embeddable":true,"href":"https:\/\/engel-kunst.com\/en\/wp-json\/wp\/v2\/product_tag?post=53456"}],"curies":[{"name":"wp","href":"https:\/\/api.w.org\/{rel}","templated":true}]}}