{"id":53458,"date":"2025-08-11T12:34:26","date_gmt":"2025-08-11T10:34:26","guid":{"rendered":"https:\/\/engel-kunst.com\/auktion-objekt\/fernseher\/"},"modified":"2025-11-03T18:46:18","modified_gmt":"2025-11-03T17:46:18","slug":"fernseher","status":"publish","type":"product","link":"https:\/\/engel-kunst.com\/en\/auktion-objekt\/fernseher\/","title":{"rendered":"Fernseher"},"content":{"rendered":"<p>Fernseher<br \/>\nLOEWE connect. Flachbildschirm, Diagonale 66 cm. Mit orig. Tisch- und Bodenst\u00e4nder. Verschiedenes Zubeh\u00f6r, orig. Fernbedienung, ausf\u00fchrliche Bedienungsanleitung. Sehr gepflegter Erhaltungszustand. Zur Zeit leider nicht funktionierend. Hinweis: nur Selbstabholung oder Versand durch Spedition.<\/p>\n","protected":false},"excerpt":{"rendered":"<p>Fernseher<br \/>\nLOEWE connect. Flachbildschirm, Diagonale 66 cm. Mit orig. Tisch- und Bodenst\u00e4nder. Verschiedenes Zubeh\u00f6r, orig. Fernbedienung, ausf\u00fchrliche Bedienungsanleitung. Sehr gepflegter Erhaltungszustand. Zur Zeit leider nicht funktionierend. Hinweis: nur Selbstabholung oder Versand durch Spedition.<br \/>\n\u20ac 10<\/p>\n","protected":false},"featured_media":53459,"template":"","meta":{"_acf_changed":false,"_seopress_robots_primary_cat":"","_seopress_titles_title":"","_seopress_titles_desc":"","_seopress_robots_index":""},"product_brand":[],"product_cat":[47],"product_tag":[51],"class_list":{"0":"post-53458","1":"product","2":"type-product","3":"status-publish","4":"has-post-thumbnail","6":"auktion-versteigerung-150","7":"auktion-archiv","8":"product_cat-varia","9":"product_tag-schriftlich","10":"sales-flash-overlay","11":"woocommerce-text-align-left","12":"woocommerce-image-align-center","14":"first","15":"outofstock","16":"sold-individually","17":"purchasable","18":"product-type-simple"},"acf":[],"_links":{"self":[{"href":"https:\/\/engel-kunst.com\/en\/wp-json\/wp\/v2\/product\/53458","targetHints":{"allow":["GET"]}}],"collection":[{"href":"https:\/\/engel-kunst.com\/en\/wp-json\/wp\/v2\/product"}],"about":[{"href":"https:\/\/engel-kunst.com\/en\/wp-json\/wp\/v2\/types\/product"}],"wp:featuredmedia":[{"embeddable":true,"href":"https:\/\/engel-kunst.com\/en\/wp-json\/wp\/v2\/media\/53459"}],"wp:attachment":[{"href":"https:\/\/engel-kunst.com\/en\/wp-json\/wp\/v2\/media?parent=53458"}],"wp:term":[{"taxonomy":"product_brand","embeddable":true,"href":"https:\/\/engel-kunst.com\/en\/wp-json\/wp\/v2\/product_brand?post=53458"},{"taxonomy":"product_cat","embeddable":true,"href":"https:\/\/engel-kunst.com\/en\/wp-json\/wp\/v2\/product_cat?post=53458"},{"taxonomy":"product_tag","embeddable":true,"href":"https:\/\/engel-kunst.com\/en\/wp-json\/wp\/v2\/product_tag?post=53458"}],"curies":[{"name":"wp","href":"https:\/\/api.w.org\/{rel}","templated":true}]}}