{"id":53474,"date":"2025-08-11T12:34:33","date_gmt":"2025-08-11T10:34:33","guid":{"rendered":"https:\/\/engel-kunst.com\/auktion-objekt\/barocke-naehschatulle\/"},"modified":"2025-11-03T18:46:20","modified_gmt":"2025-11-03T17:46:20","slug":"barocke-naehschatulle","status":"publish","type":"product","link":"https:\/\/engel-kunst.com\/en\/auktion-objekt\/barocke-naehschatulle\/","title":{"rendered":"Barocke N\u00e4hschatulle"},"content":{"rendered":"<p>Barocke N\u00e4hschatulle<br \/>\n18. Jh.. Nussbaum furniert, Bandmarketerien aus verschiedenen H\u00f6lzern, innen rotbrauner Farbanstrich. Deckelober- und Innenseite mit aufgesetztem Nadelkissen. Innen mehrere offene Gef\u00e4cher. Messsingschloss nicht orig., kleiner Schl\u00fcssel vorhanden. Alters- und Gebrauchsspuren, Boden etwas altersrissig. H 16,3 cm, L 31,4 cm, B 26,8 cm.<\/p>\n","protected":false},"excerpt":{"rendered":"<p>Barocke N\u00e4hschatulle<br \/>\n18. Jh.. Nussbaum furniert, Bandmarketerien aus verschiedenen H\u00f6lzern, innen rotbrauner Farbanstrich. Deckelober- und Innenseite mit aufgesetztem Nadelkissen. Innen mehrere offene Gef\u00e4cher. Messsingschloss nicht orig., kleiner Schl\u00fcssel vorhanden. Alters- und Gebrauchsspuren, Boden etwas altersrissig. H 16,3 cm, L 31,4 cm, B 26,8 cm.<br \/>\n\u20ac 30<\/p>\n","protected":false},"featured_media":53475,"template":"","meta":{"_acf_changed":false,"_seopress_robots_primary_cat":"","_seopress_titles_title":"","_seopress_titles_desc":"","_seopress_robots_index":""},"product_brand":[],"product_cat":[47],"product_tag":[51],"class_list":{"0":"post-53474","1":"product","2":"type-product","3":"status-publish","4":"has-post-thumbnail","6":"auktion-versteigerung-150","7":"auktion-archiv","8":"product_cat-varia","9":"product_tag-schriftlich","10":"sales-flash-overlay","11":"woocommerce-text-align-left","12":"woocommerce-image-align-center","14":"first","15":"outofstock","16":"sold-individually","17":"purchasable","18":"product-type-simple"},"acf":[],"_links":{"self":[{"href":"https:\/\/engel-kunst.com\/en\/wp-json\/wp\/v2\/product\/53474","targetHints":{"allow":["GET"]}}],"collection":[{"href":"https:\/\/engel-kunst.com\/en\/wp-json\/wp\/v2\/product"}],"about":[{"href":"https:\/\/engel-kunst.com\/en\/wp-json\/wp\/v2\/types\/product"}],"wp:featuredmedia":[{"embeddable":true,"href":"https:\/\/engel-kunst.com\/en\/wp-json\/wp\/v2\/media\/53475"}],"wp:attachment":[{"href":"https:\/\/engel-kunst.com\/en\/wp-json\/wp\/v2\/media?parent=53474"}],"wp:term":[{"taxonomy":"product_brand","embeddable":true,"href":"https:\/\/engel-kunst.com\/en\/wp-json\/wp\/v2\/product_brand?post=53474"},{"taxonomy":"product_cat","embeddable":true,"href":"https:\/\/engel-kunst.com\/en\/wp-json\/wp\/v2\/product_cat?post=53474"},{"taxonomy":"product_tag","embeddable":true,"href":"https:\/\/engel-kunst.com\/en\/wp-json\/wp\/v2\/product_tag?post=53474"}],"curies":[{"name":"wp","href":"https:\/\/api.w.org\/{rel}","templated":true}]}}