{"id":53479,"date":"2025-08-11T12:34:40","date_gmt":"2025-08-11T10:34:40","guid":{"rendered":"https:\/\/engel-kunst.com\/auktion-objekt\/puppe-3\/"},"modified":"2025-11-03T18:46:21","modified_gmt":"2025-11-03T17:46:21","slug":"puppe-3","status":"publish","type":"product","link":"https:\/\/engel-kunst.com\/en\/auktion-objekt\/puppe-3\/","title":{"rendered":"Puppe"},"content":{"rendered":"<p>Puppe<br \/>\nCa. 1950er Jahre. Kurbelkopf und K\u00f6rper aus Masse. Blaue Schlafaugen mit Wimpern, offengeschlossener Mund mit zwei Z\u00e4hnchen, braune Per\u00fccke. Kugelgelenke. Stimme defekt. \u00c4ltere Bekleidung etwas verschlissen, ein Schuh fehlt. H ca. 63 cm.<\/p>\n","protected":false},"excerpt":{"rendered":"<p>Puppe<br \/>\nCa. 1950er Jahre. Kurbelkopf und K\u00f6rper aus Masse. Blaue Schlafaugen mit Wimpern, offengeschlossener Mund mit zwei Z\u00e4hnchen, braune Per\u00fccke. Kugelgelenke. Stimme defekt. \u00c4ltere Bekleidung etwas verschlissen, ein Schuh fehlt. H ca. 63 cm.<br \/>\n\u20ac 15<\/p>\n","protected":false},"featured_media":53480,"template":"","meta":{"_acf_changed":false,"_seopress_robots_primary_cat":"","_seopress_titles_title":"","_seopress_titles_desc":"","_seopress_robots_index":""},"product_brand":[],"product_cat":[38],"product_tag":[51],"class_list":{"0":"post-53479","1":"product","2":"type-product","3":"status-publish","4":"has-post-thumbnail","6":"auktion-versteigerung-150","7":"auktion-archiv","8":"product_cat-spielzeug","9":"product_tag-schriftlich","10":"sales-flash-overlay","11":"woocommerce-text-align-left","12":"woocommerce-image-align-center","14":"first","15":"outofstock","16":"sold-individually","17":"purchasable","18":"product-type-simple"},"acf":[],"_links":{"self":[{"href":"https:\/\/engel-kunst.com\/en\/wp-json\/wp\/v2\/product\/53479","targetHints":{"allow":["GET"]}}],"collection":[{"href":"https:\/\/engel-kunst.com\/en\/wp-json\/wp\/v2\/product"}],"about":[{"href":"https:\/\/engel-kunst.com\/en\/wp-json\/wp\/v2\/types\/product"}],"wp:featuredmedia":[{"embeddable":true,"href":"https:\/\/engel-kunst.com\/en\/wp-json\/wp\/v2\/media\/53480"}],"wp:attachment":[{"href":"https:\/\/engel-kunst.com\/en\/wp-json\/wp\/v2\/media?parent=53479"}],"wp:term":[{"taxonomy":"product_brand","embeddable":true,"href":"https:\/\/engel-kunst.com\/en\/wp-json\/wp\/v2\/product_brand?post=53479"},{"taxonomy":"product_cat","embeddable":true,"href":"https:\/\/engel-kunst.com\/en\/wp-json\/wp\/v2\/product_cat?post=53479"},{"taxonomy":"product_tag","embeddable":true,"href":"https:\/\/engel-kunst.com\/en\/wp-json\/wp\/v2\/product_tag?post=53479"}],"curies":[{"name":"wp","href":"https:\/\/api.w.org\/{rel}","templated":true}]}}