{"id":53485,"date":"2025-08-11T12:34:40","date_gmt":"2025-08-11T10:34:40","guid":{"rendered":"https:\/\/engel-kunst.com\/auktion-objekt\/puppe-6\/"},"modified":"2025-11-03T18:46:22","modified_gmt":"2025-11-03T17:46:22","slug":"puppe-6","status":"publish","type":"product","link":"https:\/\/engel-kunst.com\/en\/auktion-objekt\/puppe-6\/","title":{"rendered":"Puppe"},"content":{"rendered":"<p>Puppe<br \/>\nCa. 1950er Jahre. Massek\u00f6rper, Kurbelkopf, bewegliche Glieder. Augen und Mund gemalt, Echthaarper\u00fccke. \u00c4ltere Bekleidung. Bespielt. H ca. 47,5 cm.<\/p>\n","protected":false},"excerpt":{"rendered":"<p>Puppe<br \/>\nCa. 1950er Jahre. Massek\u00f6rper, Kurbelkopf, bewegliche Glieder. Augen und Mund gemalt, Echthaarper\u00fccke. \u00c4ltere Bekleidung. Bespielt. H ca. 47,5 cm.<br \/>\n\u20ac 10<\/p>\n","protected":false},"featured_media":53486,"template":"","meta":{"_acf_changed":false,"_seopress_robots_primary_cat":"","_seopress_titles_title":"","_seopress_titles_desc":"","_seopress_robots_index":""},"product_brand":[],"product_cat":[38],"product_tag":[51],"class_list":{"0":"post-53485","1":"product","2":"type-product","3":"status-publish","4":"has-post-thumbnail","6":"auktion-versteigerung-150","7":"auktion-archiv","8":"product_cat-spielzeug","9":"product_tag-schriftlich","10":"sales-flash-overlay","11":"woocommerce-text-align-left","12":"woocommerce-image-align-center","14":"first","15":"outofstock","16":"sold-individually","17":"purchasable","18":"product-type-simple"},"acf":[],"_links":{"self":[{"href":"https:\/\/engel-kunst.com\/en\/wp-json\/wp\/v2\/product\/53485","targetHints":{"allow":["GET"]}}],"collection":[{"href":"https:\/\/engel-kunst.com\/en\/wp-json\/wp\/v2\/product"}],"about":[{"href":"https:\/\/engel-kunst.com\/en\/wp-json\/wp\/v2\/types\/product"}],"wp:featuredmedia":[{"embeddable":true,"href":"https:\/\/engel-kunst.com\/en\/wp-json\/wp\/v2\/media\/53486"}],"wp:attachment":[{"href":"https:\/\/engel-kunst.com\/en\/wp-json\/wp\/v2\/media?parent=53485"}],"wp:term":[{"taxonomy":"product_brand","embeddable":true,"href":"https:\/\/engel-kunst.com\/en\/wp-json\/wp\/v2\/product_brand?post=53485"},{"taxonomy":"product_cat","embeddable":true,"href":"https:\/\/engel-kunst.com\/en\/wp-json\/wp\/v2\/product_cat?post=53485"},{"taxonomy":"product_tag","embeddable":true,"href":"https:\/\/engel-kunst.com\/en\/wp-json\/wp\/v2\/product_tag?post=53485"}],"curies":[{"name":"wp","href":"https:\/\/api.w.org\/{rel}","templated":true}]}}