{"id":54544,"date":"2025-12-02T16:44:41","date_gmt":"2025-12-02T15:44:41","guid":{"rendered":"https:\/\/engel-kunst.com\/auktion-objekt\/reiseuhr-2\/"},"modified":"2025-12-14T15:07:10","modified_gmt":"2025-12-14T14:07:10","slug":"reiseuhr-2","status":"publish","type":"product","link":"https:\/\/engel-kunst.com\/en\/auktion-objekt\/reiseuhr-2\/","title":{"rendered":"Reiseuhr"},"content":{"rendered":"<p>Reiseuhr<br \/>\nDu Ch\u00e2teau. Poliertes Messinggeh\u00e4use rundum mit Kunststoffverglasung. Wei\u00dfes Zifferblatt, schwarze r\u00f6m. und arab. Ziffern, schwarze Metallzeiger. Werk mit 13 Steinen, Schl\u00fcsselaufzug, Rechenschlagwerk f\u00fcr volle und halbe Stunden auf Messingglocke. Gangbar. H 15,5 cm.<\/p>\n","protected":false},"excerpt":{"rendered":"<p>Reiseuhr<br \/>\nDu Ch\u00e2teau. Poliertes Messinggeh\u00e4use rundum mit Kunststoffverglasung. Wei\u00dfes Zifferblatt, schwarze r\u00f6m. und arab. Ziffern, schwarze Metallzeiger. Werk mit 13 Steinen, Schl\u00fcsselaufzug, Rechenschlagwerk f\u00fcr volle und halbe Stunden auf Messingglocke. Gangbar. H 15,5 cm.<br \/>\n\u20ac 10<\/p>\n","protected":false},"featured_media":54545,"template":"","meta":{"_acf_changed":false,"_seopress_robots_primary_cat":"","_seopress_titles_title":"","_seopress_titles_desc":"","_seopress_robots_index":""},"product_brand":[],"product_cat":[20],"product_tag":[51],"class_list":{"0":"post-54544","1":"product","2":"type-product","3":"status-publish","4":"has-post-thumbnail","6":"auktion-versteigerung-151","7":"auktion-aktuell","8":"product_cat-uhren-wissenschaftliche-instrumente","9":"product_tag-schriftlich","10":"sales-flash-overlay","11":"woocommerce-text-align-left","12":"woocommerce-image-align-center","14":"first","15":"outofstock","16":"sold-individually","17":"purchasable","18":"product-type-simple"},"acf":[],"_links":{"self":[{"href":"https:\/\/engel-kunst.com\/en\/wp-json\/wp\/v2\/product\/54544","targetHints":{"allow":["GET"]}}],"collection":[{"href":"https:\/\/engel-kunst.com\/en\/wp-json\/wp\/v2\/product"}],"about":[{"href":"https:\/\/engel-kunst.com\/en\/wp-json\/wp\/v2\/types\/product"}],"wp:featuredmedia":[{"embeddable":true,"href":"https:\/\/engel-kunst.com\/en\/wp-json\/wp\/v2\/media\/54545"}],"wp:attachment":[{"href":"https:\/\/engel-kunst.com\/en\/wp-json\/wp\/v2\/media?parent=54544"}],"wp:term":[{"taxonomy":"product_brand","embeddable":true,"href":"https:\/\/engel-kunst.com\/en\/wp-json\/wp\/v2\/product_brand?post=54544"},{"taxonomy":"product_cat","embeddable":true,"href":"https:\/\/engel-kunst.com\/en\/wp-json\/wp\/v2\/product_cat?post=54544"},{"taxonomy":"product_tag","embeddable":true,"href":"https:\/\/engel-kunst.com\/en\/wp-json\/wp\/v2\/product_tag?post=54544"}],"curies":[{"name":"wp","href":"https:\/\/api.w.org\/{rel}","templated":true}]}}