{"id":54554,"date":"2025-12-02T16:44:41","date_gmt":"2025-12-02T15:44:41","guid":{"rendered":"https:\/\/engel-kunst.com\/auktion-objekt\/damenarmbanduhr-5\/"},"modified":"2025-12-14T15:07:11","modified_gmt":"2025-12-14T14:07:11","slug":"damenarmbanduhr-5","status":"publish","type":"product","link":"https:\/\/engel-kunst.com\/en\/auktion-objekt\/damenarmbanduhr-5\/","title":{"rendered":"Damenarmbanduhr"},"content":{"rendered":"<p>Damenarmbanduhr<br \/>\nZentra. Geh\u00e4use GG 585. 22 x 14 mm. Goldenes Zifferblatt, schwarze arab. Ziffern, gebl\u00e4ute Zeiger. Handaufzug, gangbar. Nur m\u00e4\u00dfige Gebrauchsspuren. Braunes Lederarmband mit Dornschlie\u00dfe.<\/p>\n","protected":false},"excerpt":{"rendered":"<p>Damenarmbanduhr<br \/>\nZentra. Geh\u00e4use GG 585. 22 x 14 mm. Goldenes Zifferblatt, schwarze arab. Ziffern, gebl\u00e4ute Zeiger. Handaufzug, gangbar. Nur m\u00e4\u00dfige Gebrauchsspuren. Braunes Lederarmband mit Dornschlie\u00dfe.<br \/>\n\u20ac 70<\/p>\n","protected":false},"featured_media":54555,"template":"","meta":{"_acf_changed":false,"_seopress_robots_primary_cat":"","_seopress_titles_title":"","_seopress_titles_desc":"","_seopress_robots_index":""},"product_brand":[],"product_cat":[20],"product_tag":[51],"class_list":{"0":"post-54554","1":"product","2":"type-product","3":"status-publish","4":"has-post-thumbnail","6":"auktion-versteigerung-151","7":"auktion-aktuell","8":"product_cat-uhren-wissenschaftliche-instrumente","9":"product_tag-schriftlich","10":"sales-flash-overlay","11":"woocommerce-text-align-left","12":"woocommerce-image-align-center","14":"first","15":"outofstock","16":"sold-individually","17":"purchasable","18":"product-type-simple"},"acf":[],"_links":{"self":[{"href":"https:\/\/engel-kunst.com\/en\/wp-json\/wp\/v2\/product\/54554","targetHints":{"allow":["GET"]}}],"collection":[{"href":"https:\/\/engel-kunst.com\/en\/wp-json\/wp\/v2\/product"}],"about":[{"href":"https:\/\/engel-kunst.com\/en\/wp-json\/wp\/v2\/types\/product"}],"wp:featuredmedia":[{"embeddable":true,"href":"https:\/\/engel-kunst.com\/en\/wp-json\/wp\/v2\/media\/54555"}],"wp:attachment":[{"href":"https:\/\/engel-kunst.com\/en\/wp-json\/wp\/v2\/media?parent=54554"}],"wp:term":[{"taxonomy":"product_brand","embeddable":true,"href":"https:\/\/engel-kunst.com\/en\/wp-json\/wp\/v2\/product_brand?post=54554"},{"taxonomy":"product_cat","embeddable":true,"href":"https:\/\/engel-kunst.com\/en\/wp-json\/wp\/v2\/product_cat?post=54554"},{"taxonomy":"product_tag","embeddable":true,"href":"https:\/\/engel-kunst.com\/en\/wp-json\/wp\/v2\/product_tag?post=54554"}],"curies":[{"name":"wp","href":"https:\/\/api.w.org\/{rel}","templated":true}]}}