{"id":54558,"date":"2025-12-02T16:44:41","date_gmt":"2025-12-02T15:44:41","guid":{"rendered":"https:\/\/engel-kunst.com\/auktion-objekt\/stoppuhr-2\/"},"modified":"2025-12-14T15:07:11","modified_gmt":"2025-12-14T14:07:11","slug":"stoppuhr-2","status":"publish","type":"product","link":"https:\/\/engel-kunst.com\/en\/auktion-objekt\/stoppuhr-2\/","title":{"rendered":"Stoppuhr"},"content":{"rendered":"<p>Stoppuhr<br \/>\nJunghans. Silberfarbenes Metallgeh\u00e4use. D 49 mm. Wei\u00dfes Zifferblatt, schwarze und rote, arab. Ziffern, gebl\u00e4ute Zeiger. Werk mit 7 Steinen, Aufzug \u00fcber Krone, gangbar. Nur m\u00e4\u00dfige Gebrauchsspuren.<\/p>\n","protected":false},"excerpt":{"rendered":"<p>Stoppuhr<br \/>\nJunghans. Silberfarbenes Metallgeh\u00e4use. D 49 mm. Wei\u00dfes Zifferblatt, schwarze und rote, arab. Ziffern, gebl\u00e4ute Zeiger. Werk mit 7 Steinen, Aufzug \u00fcber Krone, gangbar. Nur m\u00e4\u00dfige Gebrauchsspuren.<br \/>\n\u20ac 10<\/p>\n","protected":false},"featured_media":54559,"template":"","meta":{"_acf_changed":false,"_seopress_robots_primary_cat":"","_seopress_titles_title":"","_seopress_titles_desc":"","_seopress_robots_index":""},"product_brand":[],"product_cat":[20],"product_tag":[51],"class_list":{"0":"post-54558","1":"product","2":"type-product","3":"status-publish","4":"has-post-thumbnail","6":"auktion-versteigerung-151","7":"auktion-aktuell","8":"product_cat-uhren-wissenschaftliche-instrumente","9":"product_tag-schriftlich","10":"sales-flash-overlay","11":"woocommerce-text-align-left","12":"woocommerce-image-align-center","14":"first","15":"outofstock","16":"sold-individually","17":"purchasable","18":"product-type-simple"},"acf":[],"_links":{"self":[{"href":"https:\/\/engel-kunst.com\/en\/wp-json\/wp\/v2\/product\/54558","targetHints":{"allow":["GET"]}}],"collection":[{"href":"https:\/\/engel-kunst.com\/en\/wp-json\/wp\/v2\/product"}],"about":[{"href":"https:\/\/engel-kunst.com\/en\/wp-json\/wp\/v2\/types\/product"}],"wp:featuredmedia":[{"embeddable":true,"href":"https:\/\/engel-kunst.com\/en\/wp-json\/wp\/v2\/media\/54559"}],"wp:attachment":[{"href":"https:\/\/engel-kunst.com\/en\/wp-json\/wp\/v2\/media?parent=54558"}],"wp:term":[{"taxonomy":"product_brand","embeddable":true,"href":"https:\/\/engel-kunst.com\/en\/wp-json\/wp\/v2\/product_brand?post=54558"},{"taxonomy":"product_cat","embeddable":true,"href":"https:\/\/engel-kunst.com\/en\/wp-json\/wp\/v2\/product_cat?post=54558"},{"taxonomy":"product_tag","embeddable":true,"href":"https:\/\/engel-kunst.com\/en\/wp-json\/wp\/v2\/product_tag?post=54558"}],"curies":[{"name":"wp","href":"https:\/\/api.w.org\/{rel}","templated":true}]}}