{"id":54566,"date":"2025-12-02T16:44:47","date_gmt":"2025-12-02T15:44:47","guid":{"rendered":"https:\/\/engel-kunst.com\/auktion-objekt\/damenarmbanduhr-7\/"},"modified":"2025-12-02T16:44:49","modified_gmt":"2025-12-02T15:44:49","slug":"damenarmbanduhr-7","status":"publish","type":"product","link":"https:\/\/engel-kunst.com\/en\/auktion-objekt\/damenarmbanduhr-7\/","title":{"rendered":"Damenarmbanduhr"},"content":{"rendered":"<p>Damenarmbanduhr<br \/>\nRecta. Schweiz, ca. 1930er Jahre. Geh\u00e4use in Fassform, WG 750 mit zehn Altschliffdiamanten. Silbernes Zifferblatt mit Jugendstilziffern, Goldzeiger. Werk mit Komp.Unruh, Handaufzug, gangbar. Schwarzes Textilarmband mit Dornschlie\u00dfe. Nur m\u00e4\u00dfige Gebrauchsspuren.<\/p>\n","protected":false},"excerpt":{"rendered":"<p>Damenarmbanduhr<br \/>\nRecta. Schweiz, ca. 1930er Jahre. Geh\u00e4use in Fassform, WG 750 mit zehn Altschliffdiamanten. Silbernes Zifferblatt mit Jugendstilziffern, Goldzeiger. Werk mit Komp.Unruh, Handaufzug, gangbar. Schwarzes Textilarmband mit Dornschlie\u00dfe. Nur m\u00e4\u00dfige Gebrauchsspuren.<br \/>\n\u20ac 450<\/p>\n","protected":false},"featured_media":54567,"template":"","meta":{"_acf_changed":false,"_seopress_robots_primary_cat":"","_seopress_titles_title":"","_seopress_titles_desc":"","_seopress_robots_index":""},"product_brand":[],"product_cat":[20],"product_tag":[52],"class_list":{"0":"post-54566","1":"product","2":"type-product","3":"status-publish","4":"has-post-thumbnail","6":"auktion-versteigerung-151","7":"auktion-aktuell","8":"product_cat-uhren-wissenschaftliche-instrumente","9":"product_tag-telefon","10":"sales-flash-overlay","11":"woocommerce-text-align-left","12":"woocommerce-image-align-center","14":"first","15":"instock","16":"sold-individually","17":"purchasable","18":"product-type-simple"},"acf":[],"_links":{"self":[{"href":"https:\/\/engel-kunst.com\/en\/wp-json\/wp\/v2\/product\/54566","targetHints":{"allow":["GET"]}}],"collection":[{"href":"https:\/\/engel-kunst.com\/en\/wp-json\/wp\/v2\/product"}],"about":[{"href":"https:\/\/engel-kunst.com\/en\/wp-json\/wp\/v2\/types\/product"}],"wp:featuredmedia":[{"embeddable":true,"href":"https:\/\/engel-kunst.com\/en\/wp-json\/wp\/v2\/media\/54567"}],"wp:attachment":[{"href":"https:\/\/engel-kunst.com\/en\/wp-json\/wp\/v2\/media?parent=54566"}],"wp:term":[{"taxonomy":"product_brand","embeddable":true,"href":"https:\/\/engel-kunst.com\/en\/wp-json\/wp\/v2\/product_brand?post=54566"},{"taxonomy":"product_cat","embeddable":true,"href":"https:\/\/engel-kunst.com\/en\/wp-json\/wp\/v2\/product_cat?post=54566"},{"taxonomy":"product_tag","embeddable":true,"href":"https:\/\/engel-kunst.com\/en\/wp-json\/wp\/v2\/product_tag?post=54566"}],"curies":[{"name":"wp","href":"https:\/\/api.w.org\/{rel}","templated":true}]}}