{"id":54570,"date":"2025-12-02T16:44:47","date_gmt":"2025-12-02T15:44:47","guid":{"rendered":"https:\/\/engel-kunst.com\/auktion-objekt\/wanduhr\/"},"modified":"2025-12-14T15:07:12","modified_gmt":"2025-12-14T14:07:12","slug":"wanduhr","status":"publish","type":"product","link":"https:\/\/engel-kunst.com\/en\/auktion-objekt\/wanduhr\/","title":{"rendered":"Wanduhr"},"content":{"rendered":"<p>Wanduhr<br \/>\nUm 1900. Dreiseitig verglaster Holzkasten mit Nussbaumfurnier. Gegliederter Giebelaufsatz, gedrechselte, ebonisierte Appliken und Baluster. Emailzifferblatt mit r\u00f6m. Ziffern, schwarze Metallzeiger. Uhrwerk Lenzkirch, Schlossscheibenschlagwerk f\u00fcr volle und halbe Stunden auf Tonspirale, gangbar. Pendel mit Messinglinse mit Emaileinsatz. H 98 cm. M\u00e4\u00dfige Alters- und Gebrauchsspuren.<\/p>\n","protected":false},"excerpt":{"rendered":"<p>Wanduhr<br \/>\nUm 1900. Dreiseitig verglaster Holzkasten mit Nussbaumfurnier. Gegliederter Giebelaufsatz, gedrechselte, ebonisierte Appliken und Baluster. Emailzifferblatt mit r\u00f6m. Ziffern, schwarze Metallzeiger. Uhrwerk Lenzkirch, Schlossscheibenschlagwerk f\u00fcr volle und halbe Stunden auf Tonspirale, gangbar. Pendel mit Messinglinse mit Emaileinsatz. H 98 cm. M\u00e4\u00dfige Alters- und Gebrauchsspuren.<br \/>\n\u20ac 45<\/p>\n","protected":false},"featured_media":54571,"template":"","meta":{"_acf_changed":false,"_seopress_robots_primary_cat":"","_seopress_titles_title":"","_seopress_titles_desc":"","_seopress_robots_index":""},"product_brand":[],"product_cat":[20],"product_tag":[51],"class_list":{"0":"post-54570","1":"product","2":"type-product","3":"status-publish","4":"has-post-thumbnail","6":"auktion-versteigerung-151","7":"auktion-aktuell","8":"product_cat-uhren-wissenschaftliche-instrumente","9":"product_tag-schriftlich","10":"sales-flash-overlay","11":"woocommerce-text-align-left","12":"woocommerce-image-align-center","14":"first","15":"outofstock","16":"sold-individually","17":"purchasable","18":"product-type-simple"},"acf":[],"_links":{"self":[{"href":"https:\/\/engel-kunst.com\/en\/wp-json\/wp\/v2\/product\/54570","targetHints":{"allow":["GET"]}}],"collection":[{"href":"https:\/\/engel-kunst.com\/en\/wp-json\/wp\/v2\/product"}],"about":[{"href":"https:\/\/engel-kunst.com\/en\/wp-json\/wp\/v2\/types\/product"}],"wp:featuredmedia":[{"embeddable":true,"href":"https:\/\/engel-kunst.com\/en\/wp-json\/wp\/v2\/media\/54571"}],"wp:attachment":[{"href":"https:\/\/engel-kunst.com\/en\/wp-json\/wp\/v2\/media?parent=54570"}],"wp:term":[{"taxonomy":"product_brand","embeddable":true,"href":"https:\/\/engel-kunst.com\/en\/wp-json\/wp\/v2\/product_brand?post=54570"},{"taxonomy":"product_cat","embeddable":true,"href":"https:\/\/engel-kunst.com\/en\/wp-json\/wp\/v2\/product_cat?post=54570"},{"taxonomy":"product_tag","embeddable":true,"href":"https:\/\/engel-kunst.com\/en\/wp-json\/wp\/v2\/product_tag?post=54570"}],"curies":[{"name":"wp","href":"https:\/\/api.w.org\/{rel}","templated":true}]}}