{"id":54576,"date":"2025-12-02T16:44:47","date_gmt":"2025-12-02T15:44:47","guid":{"rendered":"https:\/\/engel-kunst.com\/auktion-objekt\/herrentaschenuhr-2\/"},"modified":"2025-12-14T15:07:12","modified_gmt":"2025-12-14T14:07:12","slug":"herrentaschenuhr-2","status":"publish","type":"product","link":"https:\/\/engel-kunst.com\/en\/auktion-objekt\/herrentaschenuhr-2\/","title":{"rendered":"Herrentaschenuhr"},"content":{"rendered":"<p>Herrentaschenuhr<br \/>\n1. Drittel 20. Jh.. Chronom\u00e8tre Zenith. Geh\u00e4use GG 14 ct. D 49 mm. Emailzifferblatt (zwischen 10 und 11 ein schwacher Haarriss), arab. Ziffern, kleine Sek. bei 6, Goldzeiger. Handaufzug, gangbar. Nur m\u00e4\u00dfige Gebrauchsspuren. Gewicht einschlie\u00dflich Werk und Glas 80 g.<\/p>\n","protected":false},"excerpt":{"rendered":"<p>Herrentaschenuhr<br \/>\n1. Drittel 20. Jh.. Chronom\u00e8tre Zenith. Geh\u00e4use GG 14 ct. D 49 mm. Emailzifferblatt (zwischen 10 und 11 ein schwacher Haarriss), arab. Ziffern, kleine Sek. bei 6, Goldzeiger. Handaufzug, gangbar. Nur m\u00e4\u00dfige Gebrauchsspuren. Gewicht einschlie\u00dflich Werk und Glas 80 g.<br \/>\n\u20ac 750<\/p>\n","protected":false},"featured_media":54577,"template":"","meta":{"_acf_changed":false,"_seopress_robots_primary_cat":"","_seopress_titles_title":"","_seopress_titles_desc":"","_seopress_robots_index":""},"product_brand":[],"product_cat":[20],"product_tag":[52],"class_list":{"0":"post-54576","1":"product","2":"type-product","3":"status-publish","4":"has-post-thumbnail","6":"auktion-versteigerung-151","7":"auktion-aktuell","8":"product_cat-uhren-wissenschaftliche-instrumente","9":"product_tag-telefon","10":"sales-flash-overlay","11":"woocommerce-text-align-left","12":"woocommerce-image-align-center","14":"first","15":"outofstock","16":"featured","17":"sold-individually","18":"purchasable","19":"product-type-simple"},"acf":[],"_links":{"self":[{"href":"https:\/\/engel-kunst.com\/en\/wp-json\/wp\/v2\/product\/54576","targetHints":{"allow":["GET"]}}],"collection":[{"href":"https:\/\/engel-kunst.com\/en\/wp-json\/wp\/v2\/product"}],"about":[{"href":"https:\/\/engel-kunst.com\/en\/wp-json\/wp\/v2\/types\/product"}],"wp:featuredmedia":[{"embeddable":true,"href":"https:\/\/engel-kunst.com\/en\/wp-json\/wp\/v2\/media\/54577"}],"wp:attachment":[{"href":"https:\/\/engel-kunst.com\/en\/wp-json\/wp\/v2\/media?parent=54576"}],"wp:term":[{"taxonomy":"product_brand","embeddable":true,"href":"https:\/\/engel-kunst.com\/en\/wp-json\/wp\/v2\/product_brand?post=54576"},{"taxonomy":"product_cat","embeddable":true,"href":"https:\/\/engel-kunst.com\/en\/wp-json\/wp\/v2\/product_cat?post=54576"},{"taxonomy":"product_tag","embeddable":true,"href":"https:\/\/engel-kunst.com\/en\/wp-json\/wp\/v2\/product_tag?post=54576"}],"curies":[{"name":"wp","href":"https:\/\/api.w.org\/{rel}","templated":true}]}}