{"id":54580,"date":"2025-12-02T16:44:53","date_gmt":"2025-12-02T15:44:53","guid":{"rendered":"https:\/\/engel-kunst.com\/auktion-objekt\/tischuhr-2\/"},"modified":"2025-12-14T15:07:13","modified_gmt":"2025-12-14T14:07:13","slug":"tischuhr-2","status":"publish","type":"product","link":"https:\/\/engel-kunst.com\/en\/auktion-objekt\/tischuhr-2\/","title":{"rendered":"Tischuhr"},"content":{"rendered":"<p>Tischuhr<br \/>\nJunghans electronic Ato-Mat. 1960er\/70er Jahre. Rechteckiges Metallgeh\u00e4use mit Holzpaneelen. Silberfarbenes Metallzifferblatt, Ziffernstriche und Zeiger Messing. Die Uhr verf\u00fcgt \u00fcber einen elektronischen Mechanismus, der als &#8220;ATO-MAT&#8221; bezeichnet wird und batteriebetrieben ist. Gangbar. H 19,5 cm.<\/p>\n","protected":false},"excerpt":{"rendered":"<p>Tischuhr<br \/>\nJunghans electronic Ato-Mat. 1960er\/70er Jahre. Rechteckiges Metallgeh\u00e4use mit Holzpaneelen. Silberfarbenes Metallzifferblatt, Ziffernstriche und Zeiger Messing. Die Uhr verf\u00fcgt \u00fcber einen elektronischen Mechanismus, der als &#8220;ATO-MAT&#8221; bezeichnet wird und batteriebetrieben ist. Gangbar. H 19,5 cm.<br \/>\n\u20ac 10<\/p>\n","protected":false},"featured_media":54581,"template":"","meta":{"_acf_changed":false,"_seopress_robots_primary_cat":"","_seopress_titles_title":"","_seopress_titles_desc":"","_seopress_robots_index":""},"product_brand":[],"product_cat":[20],"product_tag":[51],"class_list":{"0":"post-54580","1":"product","2":"type-product","3":"status-publish","4":"has-post-thumbnail","6":"auktion-versteigerung-151","7":"auktion-aktuell","8":"product_cat-uhren-wissenschaftliche-instrumente","9":"product_tag-schriftlich","10":"sales-flash-overlay","11":"woocommerce-text-align-left","12":"woocommerce-image-align-center","14":"first","15":"outofstock","16":"sold-individually","17":"purchasable","18":"product-type-simple"},"acf":[],"_links":{"self":[{"href":"https:\/\/engel-kunst.com\/en\/wp-json\/wp\/v2\/product\/54580","targetHints":{"allow":["GET"]}}],"collection":[{"href":"https:\/\/engel-kunst.com\/en\/wp-json\/wp\/v2\/product"}],"about":[{"href":"https:\/\/engel-kunst.com\/en\/wp-json\/wp\/v2\/types\/product"}],"wp:featuredmedia":[{"embeddable":true,"href":"https:\/\/engel-kunst.com\/en\/wp-json\/wp\/v2\/media\/54581"}],"wp:attachment":[{"href":"https:\/\/engel-kunst.com\/en\/wp-json\/wp\/v2\/media?parent=54580"}],"wp:term":[{"taxonomy":"product_brand","embeddable":true,"href":"https:\/\/engel-kunst.com\/en\/wp-json\/wp\/v2\/product_brand?post=54580"},{"taxonomy":"product_cat","embeddable":true,"href":"https:\/\/engel-kunst.com\/en\/wp-json\/wp\/v2\/product_cat?post=54580"},{"taxonomy":"product_tag","embeddable":true,"href":"https:\/\/engel-kunst.com\/en\/wp-json\/wp\/v2\/product_tag?post=54580"}],"curies":[{"name":"wp","href":"https:\/\/api.w.org\/{rel}","templated":true}]}}