{"id":54582,"date":"2025-12-02T16:44:53","date_gmt":"2025-12-02T15:44:53","guid":{"rendered":"https:\/\/engel-kunst.com\/auktion-objekt\/herrenarmbanduhr-10\/"},"modified":"2025-12-02T16:44:54","modified_gmt":"2025-12-02T15:44:54","slug":"herrenarmbanduhr-10","status":"publish","type":"product","link":"https:\/\/engel-kunst.com\/en\/auktion-objekt\/herrenarmbanduhr-10\/","title":{"rendered":"Herrenarmbanduhr"},"content":{"rendered":"<p>Herrenarmbanduhr<br \/>\nPoljot International Nicolai II. In Deutschland hergestellt. Modellnr. P 3133.1956612, Produktionsnr. 03615, Verkaufsdatum: 31.3.2001. Geh\u00e4use Ro.G. 585. D \u00fcber Krone 42 mm. Krone mit blauem Saphircabochon. Saphirglas, Glasboden. Silbernes Zifferblatt mit goldenen r\u00f6m. Ziffern, auf der XII Kronenapplikation mit Rubin, Datum bei VI, kleine Sek. bei IX, gebl\u00e4ute Zeiger. Werk mit Handaufzug, gangbar. Stopp-Funktion bedarf der Revision. Hellbraunes Lederarmband mit Dornschlie\u00dfe. Sehr gepflegter Erhaltungszustand. Orig. Pr\u00e4sentationsbox. <\/p>\n","protected":false},"excerpt":{"rendered":"<p>Herrenarmbanduhr<br \/>\nPoljot International Nicolai II. In Deutschland hergestellt. Modellnr. P 3133.1956612, Produktionsnr. 03615, Verkaufsdatum: 31.3.2001. Geh\u00e4use Ro.G. 585. D \u00fcber Krone 42 mm. Krone mit blauem Saphircabochon. Saphirglas, Glasboden. Silbernes Zifferblatt mit goldenen r\u00f6m. Ziffern, auf der XII Kronenapplikation mit Rubin, Datum bei VI, kleine Sek. bei IX, gebl\u00e4ute Zeiger. Werk mit Handaufzug, gangbar. Stopp-Funktion bedarf der Revision. Hellbraunes Lederarmband mit Dornschlie\u00dfe. Sehr gepflegter Erhaltungszustand. Orig. Pr\u00e4sentationsbox.<br \/>\n\u20ac 2500<\/p>\n","protected":false},"featured_media":54583,"template":"","meta":{"_acf_changed":false,"_seopress_robots_primary_cat":"","_seopress_titles_title":"","_seopress_titles_desc":"","_seopress_robots_index":""},"product_brand":[],"product_cat":[20],"product_tag":[52],"class_list":{"0":"post-54582","1":"product","2":"type-product","3":"status-publish","4":"has-post-thumbnail","6":"auktion-versteigerung-151","7":"auktion-aktuell","8":"product_cat-uhren-wissenschaftliche-instrumente","9":"product_tag-telefon","10":"sales-flash-overlay","11":"woocommerce-text-align-left","12":"woocommerce-image-align-center","14":"first","15":"instock","16":"sold-individually","17":"purchasable","18":"product-type-simple"},"acf":[],"_links":{"self":[{"href":"https:\/\/engel-kunst.com\/en\/wp-json\/wp\/v2\/product\/54582","targetHints":{"allow":["GET"]}}],"collection":[{"href":"https:\/\/engel-kunst.com\/en\/wp-json\/wp\/v2\/product"}],"about":[{"href":"https:\/\/engel-kunst.com\/en\/wp-json\/wp\/v2\/types\/product"}],"wp:featuredmedia":[{"embeddable":true,"href":"https:\/\/engel-kunst.com\/en\/wp-json\/wp\/v2\/media\/54583"}],"wp:attachment":[{"href":"https:\/\/engel-kunst.com\/en\/wp-json\/wp\/v2\/media?parent=54582"}],"wp:term":[{"taxonomy":"product_brand","embeddable":true,"href":"https:\/\/engel-kunst.com\/en\/wp-json\/wp\/v2\/product_brand?post=54582"},{"taxonomy":"product_cat","embeddable":true,"href":"https:\/\/engel-kunst.com\/en\/wp-json\/wp\/v2\/product_cat?post=54582"},{"taxonomy":"product_tag","embeddable":true,"href":"https:\/\/engel-kunst.com\/en\/wp-json\/wp\/v2\/product_tag?post=54582"}],"curies":[{"name":"wp","href":"https:\/\/api.w.org\/{rel}","templated":true}]}}